{"id":12762,"date":"2024-06-21T16:19:48","date_gmt":"2024-06-21T16:19:48","guid":{"rendered":"https:\/\/military-classic-auction.com\/?post_type=product&#038;p=12762"},"modified":"2024-07-06T11:16:29","modified_gmt":"2024-07-06T11:16:29","slug":"caisse-en-bois-pour-15-grenades-a-manche-mle-24","status":"publish","type":"product","link":"https:\/\/military-classic-auction.com\/en\/product\/caisse-en-bois-pour-15-grenades-a-manche-mle-24\/","title":{"rendered":"Caisse en bois pour 15 grenades \u00e0 manche Mle.24"},"content":{"rendered":"<p>Caisse en bois pour 15 grenades \u00e0 manche Mle.24<br \/>\n\u00ab\u00a0Stielhandgranaten 24\u00a0\u00bb<br \/>\nFermeture par deux crochets oppos\u00e9s &#038; poign\u00e9e de transport manquante.<br \/>\nFabrication : \u00ab\u00a0fmi\u00a0\u00bb<br \/>\nWaffenamt pr\u00e9sent.<br \/>\nR\u00e2telier incomplet.<br \/>\nDimension : L53cm x l39,5cm x h17,5cm<br \/>\n(En l&rsquo;\u00e9tat, usures, manques)<br \/>\n&#8211;<br \/>\nWooden case for 15 Mle.24 handle grenades<br \/>\n\u00ab\u00a0Stielhandgranaten 24\u00a0\u00bb<br \/>\nClosure by two opposite hooks &#038; missing carrying handle.<br \/>\nManufactured: \u00ab\u00a0fmi\u00a0\u00bb<br \/>\nWaffenamt present.<br \/>\nIncomplete rack.<br \/>\nDimensions: L20,8&Prime; x w15,5&Prime; x h6,8&Prime;<br \/>\n(As is, wear and tear)<\/p>","protected":false},"excerpt":{"rendered":"<p>Caisse en bois pour 15 grenades \u00e0 manche Mle.24 \u00ab\u00a0Stielhandgranaten 24\u00a0\u00bb Fermeture par deux crochets oppos\u00e9s &#038; poign\u00e9e de transport manquante. Fabrication : \u00ab\u00a0fmi\u00a0\u00bb Waffenamt pr\u00e9sent. R\u00e2telier incomplet. Dimension : L53cm x l39,5cm x h17,5cm (En l&rsquo;\u00e9tat, usures, manques) &#8211; Wooden case for 15 Mle.24 handle grenades \u00ab\u00a0Stielhandgranaten 24\u00a0\u00bb Closure by two opposite hooks &#038;<a class=\"more-link\" href=\"https:\/\/military-classic-auction.com\/en\/product\/caisse-en-bois-pour-15-grenades-a-manche-mle-24\/\">Read more  &#10230;<\/a><\/p>","protected":false},"featured_media":10667,"template":"","meta":[],"product_brand":[],"product_cat":[27],"product_tag":[],"class_list":{"0":"post-12762","1":"product","2":"type-product","3":"status-publish","4":"has-post-thumbnail","6":"product_cat-larmee-des-caisses","8":"first","9":"instock","10":"sold-individually","11":"purchasable","12":"product-type-auction"},"aioseo_notices":[],"_links":{"self":[{"href":"https:\/\/military-classic-auction.com\/en\/wp-json\/wp\/v2\/product\/12762","targetHints":{"allow":["GET"]}}],"collection":[{"href":"https:\/\/military-classic-auction.com\/en\/wp-json\/wp\/v2\/product"}],"about":[{"href":"https:\/\/military-classic-auction.com\/en\/wp-json\/wp\/v2\/types\/product"}],"wp:featuredmedia":[{"embeddable":true,"href":"https:\/\/military-classic-auction.com\/en\/wp-json\/wp\/v2\/media\/10667"}],"wp:attachment":[{"href":"https:\/\/military-classic-auction.com\/en\/wp-json\/wp\/v2\/media?parent=12762"}],"wp:term":[{"taxonomy":"product_brand","embeddable":true,"href":"https:\/\/military-classic-auction.com\/en\/wp-json\/wp\/v2\/product_brand?post=12762"},{"taxonomy":"product_cat","embeddable":true,"href":"https:\/\/military-classic-auction.com\/en\/wp-json\/wp\/v2\/product_cat?post=12762"},{"taxonomy":"product_tag","embeddable":true,"href":"https:\/\/military-classic-auction.com\/en\/wp-json\/wp\/v2\/product_tag?post=12762"}],"curies":[{"name":"wp","href":"https:\/\/api.w.org\/{rel}","templated":true}]}}