{"id":12761,"date":"2024-06-21T16:19:45","date_gmt":"2024-06-21T16:19:45","guid":{"rendered":"https:\/\/military-classic-auction.com\/?post_type=product&#038;p=12761"},"modified":"2024-07-06T11:58:49","modified_gmt":"2024-07-06T11:58:49","slug":"caisse-pour-2-mines-antichar-tellermine-35","status":"publish","type":"product","link":"https:\/\/military-classic-auction.com\/en\/product\/caisse-pour-2-mines-antichar-tellermine-35\/","title":{"rendered":"Caisse pour 2 mines antichar \u00ab\u00a0Tellermine 35\u00a0\u00bb"},"content":{"rendered":"<p>Caisse pour 2 mines antichar \u00ab\u00a0Tellermine 35\u00a0\u00bb<br \/>\nFermeture par deux crochets.<br \/>\nFabrication : \u00ab\u00a0bro\u00a0\u00bb<br \/>\nDat\u00e9e 1942<br \/>\nWaffenamt pr\u00e9sent.<br \/>\nUne cale en bois manquante.<br \/>\nDimension : L36,5cm x l24cm x h35cm<br \/>\n(En l&rsquo;\u00e9tat, usures, chocs, oxydation)<br \/>\n&#8211;<br \/>\nCase for 2 \u00ab\u00a0Tellermine 35\u00a0\u00bb anti-tank mines<br \/>\nClosure with two hooks.<br \/>\nManufacturing: \u00ab\u00a0bro\u00a0\u00bb<br \/>\nDated 1942<br \/>\nWaffenamt present.<br \/>\nA missing wooden block.<br \/>\nDimensions: L14,4&Prime; x w9,4&Prime; x h13,7&Prime;<br \/>\n(As is, wear, shock, oxidation)<\/p>","protected":false},"excerpt":{"rendered":"<p>Caisse pour 2 mines antichar \u00ab\u00a0Tellermine 35\u00a0\u00bb Fermeture par deux crochets. Fabrication : \u00ab\u00a0bro\u00a0\u00bb Dat\u00e9e 1942 Waffenamt pr\u00e9sent. Une cale en bois manquante. Dimension : L36,5cm x l24cm x h35cm (En l&rsquo;\u00e9tat, usures, chocs, oxydation) &#8211; Case for 2 \u00ab\u00a0Tellermine 35\u00a0\u00bb anti-tank mines Closure with two hooks. Manufacturing: \u00ab\u00a0bro\u00a0\u00bb Dated 1942 Waffenamt present. A missing<a class=\"more-link\" href=\"https:\/\/military-classic-auction.com\/en\/product\/caisse-pour-2-mines-antichar-tellermine-35\/\">Read more  &#10230;<\/a><\/p>","protected":false},"featured_media":10661,"template":"","meta":[],"product_brand":[],"product_cat":[27],"product_tag":[],"class_list":{"0":"post-12761","1":"product","2":"type-product","3":"status-publish","4":"has-post-thumbnail","6":"product_cat-larmee-des-caisses","8":"first","9":"instock","10":"sold-individually","11":"purchasable","12":"product-type-auction"},"aioseo_notices":[],"_links":{"self":[{"href":"https:\/\/military-classic-auction.com\/en\/wp-json\/wp\/v2\/product\/12761","targetHints":{"allow":["GET"]}}],"collection":[{"href":"https:\/\/military-classic-auction.com\/en\/wp-json\/wp\/v2\/product"}],"about":[{"href":"https:\/\/military-classic-auction.com\/en\/wp-json\/wp\/v2\/types\/product"}],"wp:featuredmedia":[{"embeddable":true,"href":"https:\/\/military-classic-auction.com\/en\/wp-json\/wp\/v2\/media\/10661"}],"wp:attachment":[{"href":"https:\/\/military-classic-auction.com\/en\/wp-json\/wp\/v2\/media?parent=12761"}],"wp:term":[{"taxonomy":"product_brand","embeddable":true,"href":"https:\/\/military-classic-auction.com\/en\/wp-json\/wp\/v2\/product_brand?post=12761"},{"taxonomy":"product_cat","embeddable":true,"href":"https:\/\/military-classic-auction.com\/en\/wp-json\/wp\/v2\/product_cat?post=12761"},{"taxonomy":"product_tag","embeddable":true,"href":"https:\/\/military-classic-auction.com\/en\/wp-json\/wp\/v2\/product_tag?post=12761"}],"curies":[{"name":"wp","href":"https:\/\/api.w.org\/{rel}","templated":true}]}}