{"id":12758,"date":"2024-06-21T16:19:42","date_gmt":"2024-06-21T16:19:42","guid":{"rendered":"https:\/\/military-classic-auction.com\/?post_type=product&#038;p=12758"},"modified":"2024-07-06T10:19:50","modified_gmt":"2024-07-06T10:19:50","slug":"caisse-pour-une-mine-antichar-tellermine-4","status":"publish","type":"product","link":"https:\/\/military-classic-auction.com\/en\/product\/caisse-pour-une-mine-antichar-tellermine-4\/","title":{"rendered":"Caisse pour une mine antichar \u00ab\u00a0Tellermine\u00a0\u00bb"},"content":{"rendered":"<p>Caisse pour une mine antichar \u00ab\u00a0Tellermine\u00a0\u00bb<br \/>\nPas de marquage visible.<br \/>\nFermeture par deux crochets d&rsquo;angle.<br \/>\n\u00c9tiquette absente.<br \/>\nCales en bois manquantes &#038; 4 tampons en caoutchouc pr\u00e9sents dans le couvercle.<br \/>\nDimension : L36cm x l35cm x h13,5cm<br \/>\n(En l&rsquo;\u00e9tat, usures, oxydation)<br \/>\n&#8211;<br \/>\nCase for an anti-tank mine \u00ab\u00a0Tellermine\u00a0\u00bb<br \/>\nNo visible marking.<br \/>\nClosure with two corner hooks.<br \/>\nLabel missing.<br \/>\nMissing wooden blocks &#038; 4 rubber buffers present in the lid.<br \/>\nDimensions: L14,2&Prime; x w13,7&Prime; x h5,3&Prime;<br \/>\n(As is, wear, oxidation)<\/p>","protected":false},"excerpt":{"rendered":"<p>Caisse pour une mine antichar \u00ab\u00a0Tellermine\u00a0\u00bb Pas de marquage visible. Fermeture par deux crochets d&rsquo;angle. \u00c9tiquette absente. Cales en bois manquantes &#038; 4 tampons en caoutchouc pr\u00e9sents dans le couvercle. Dimension : L36cm x l35cm x h13,5cm (En l&rsquo;\u00e9tat, usures, oxydation) &#8211; Case for an anti-tank mine \u00ab\u00a0Tellermine\u00a0\u00bb No visible marking. Closure with two corner<a class=\"more-link\" href=\"https:\/\/military-classic-auction.com\/en\/product\/caisse-pour-une-mine-antichar-tellermine-4\/\">Read more  &#10230;<\/a><\/p>","protected":false},"featured_media":10631,"template":"","meta":[],"product_brand":[],"product_cat":[27],"product_tag":[],"class_list":{"0":"post-12758","1":"product","2":"type-product","3":"status-publish","4":"has-post-thumbnail","6":"product_cat-larmee-des-caisses","8":"first","9":"instock","10":"sold-individually","11":"purchasable","12":"product-type-auction"},"aioseo_notices":[],"_links":{"self":[{"href":"https:\/\/military-classic-auction.com\/en\/wp-json\/wp\/v2\/product\/12758","targetHints":{"allow":["GET"]}}],"collection":[{"href":"https:\/\/military-classic-auction.com\/en\/wp-json\/wp\/v2\/product"}],"about":[{"href":"https:\/\/military-classic-auction.com\/en\/wp-json\/wp\/v2\/types\/product"}],"wp:featuredmedia":[{"embeddable":true,"href":"https:\/\/military-classic-auction.com\/en\/wp-json\/wp\/v2\/media\/10631"}],"wp:attachment":[{"href":"https:\/\/military-classic-auction.com\/en\/wp-json\/wp\/v2\/media?parent=12758"}],"wp:term":[{"taxonomy":"product_brand","embeddable":true,"href":"https:\/\/military-classic-auction.com\/en\/wp-json\/wp\/v2\/product_brand?post=12758"},{"taxonomy":"product_cat","embeddable":true,"href":"https:\/\/military-classic-auction.com\/en\/wp-json\/wp\/v2\/product_cat?post=12758"},{"taxonomy":"product_tag","embeddable":true,"href":"https:\/\/military-classic-auction.com\/en\/wp-json\/wp\/v2\/product_tag?post=12758"}],"curies":[{"name":"wp","href":"https:\/\/api.w.org\/{rel}","templated":true}]}}