{"id":12755,"date":"2024-06-21T16:19:40","date_gmt":"2024-06-21T16:19:40","guid":{"rendered":"https:\/\/military-classic-auction.com\/?post_type=product&#038;p=12755"},"modified":"2024-07-06T12:01:07","modified_gmt":"2024-07-06T12:01:07","slug":"caisse-pour-une-mine-antichar-tellermine","status":"publish","type":"product","link":"https:\/\/military-classic-auction.com\/en\/product\/caisse-pour-une-mine-antichar-tellermine\/","title":{"rendered":"Caisse pour une mine antichar \u00ab\u00a0Tellermine\u00a0\u00bb"},"content":{"rendered":"<p>Caisse pour une mine antichar \u00ab\u00a0Tellermine\u00a0\u00bb<br \/>\nFabrication : \u00ab\u00a0ato\u00a0\u00bb<br \/>\nDat\u00e9e 1942<br \/>\nFermeture par deux crochets d&rsquo;angle.<br \/>\n\u00c9tiquette absente.<br \/>\n3 cales en bois \u00e0 l&rsquo;int\u00e9rieur &#038; 4 tampons en caoutchouc dans le couvercle.<br \/>\nDimension : L36cm x l35cm x h13,5cm<br \/>\n(En l&rsquo;\u00e9tat, usures, oxydation)<br \/>\n&#8211;<br \/>\nCase for an anti-tank mine \u00ab\u00a0Tellermine\u00a0\u00bb<br \/>\nManufacturing: \u00ab\u00a0ato\u00a0\u00bb<br \/>\nDated 1942<br \/>\nClosure with two corner hooks.<br \/>\nLabel missing.<br \/>\n3 wooden wedges inside &#038; 4 rubber buffers in the lid.<br \/>\nDimensions: L14,2&Prime; x w13,7&Prime; x h5,3&Prime;<br \/>\n(As is, wear, oxidation)<\/p>","protected":false},"excerpt":{"rendered":"<p>Caisse pour une mine antichar \u00ab\u00a0Tellermine\u00a0\u00bb Fabrication : \u00ab\u00a0ato\u00a0\u00bb Dat\u00e9e 1942 Fermeture par deux crochets d&rsquo;angle. \u00c9tiquette absente. 3 cales en bois \u00e0 l&rsquo;int\u00e9rieur &#038; 4 tampons en caoutchouc dans le couvercle. Dimension : L36cm x l35cm x h13,5cm (En l&rsquo;\u00e9tat, usures, oxydation) &#8211; Case for an anti-tank mine \u00ab\u00a0Tellermine\u00a0\u00bb Manufacturing: \u00ab\u00a0ato\u00a0\u00bb Dated 1942 Closure<a class=\"more-link\" href=\"https:\/\/military-classic-auction.com\/en\/product\/caisse-pour-une-mine-antichar-tellermine\/\">Read more  &#10230;<\/a><\/p>","protected":false},"featured_media":10612,"template":"","meta":[],"product_brand":[],"product_cat":[27],"product_tag":[],"class_list":{"0":"post-12755","1":"product","2":"type-product","3":"status-publish","4":"has-post-thumbnail","6":"product_cat-larmee-des-caisses","8":"first","9":"instock","10":"sold-individually","11":"purchasable","12":"product-type-auction"},"aioseo_notices":[],"_links":{"self":[{"href":"https:\/\/military-classic-auction.com\/en\/wp-json\/wp\/v2\/product\/12755","targetHints":{"allow":["GET"]}}],"collection":[{"href":"https:\/\/military-classic-auction.com\/en\/wp-json\/wp\/v2\/product"}],"about":[{"href":"https:\/\/military-classic-auction.com\/en\/wp-json\/wp\/v2\/types\/product"}],"wp:featuredmedia":[{"embeddable":true,"href":"https:\/\/military-classic-auction.com\/en\/wp-json\/wp\/v2\/media\/10612"}],"wp:attachment":[{"href":"https:\/\/military-classic-auction.com\/en\/wp-json\/wp\/v2\/media?parent=12755"}],"wp:term":[{"taxonomy":"product_brand","embeddable":true,"href":"https:\/\/military-classic-auction.com\/en\/wp-json\/wp\/v2\/product_brand?post=12755"},{"taxonomy":"product_cat","embeddable":true,"href":"https:\/\/military-classic-auction.com\/en\/wp-json\/wp\/v2\/product_cat?post=12755"},{"taxonomy":"product_tag","embeddable":true,"href":"https:\/\/military-classic-auction.com\/en\/wp-json\/wp\/v2\/product_tag?post=12755"}],"curies":[{"name":"wp","href":"https:\/\/api.w.org\/{rel}","templated":true}]}}