{"id":12754,"date":"2024-06-21T16:19:40","date_gmt":"2024-06-21T16:19:40","guid":{"rendered":"https:\/\/military-classic-auction.com\/?post_type=product&#038;p=12754"},"modified":"2024-07-06T11:16:19","modified_gmt":"2024-07-06T11:16:19","slug":"boite-en-metal-pour-accessoires-de-9-mines-bondissantes-s-mi-35","status":"publish","type":"product","link":"https:\/\/military-classic-auction.com\/en\/product\/boite-en-metal-pour-accessoires-de-9-mines-bondissantes-s-mi-35\/","title":{"rendered":"Boite en m\u00e9tal pour accessoires de 9 mines bondissantes \u00ab\u00a0S.Mi.35\u00a0\u00bb"},"content":{"rendered":"<p>Boite en m\u00e9tal pour accessoires de 9 mines bondissantes \u00ab\u00a0S.Mi.35\u00a0\u00bb<br \/>\nFermeture par deux crochets &#038; une poign\u00e9e de transport.<br \/>\nFabrication : \u00ab\u00a0mt\u00a0\u00bb<br \/>\nDat\u00e9e 1943<br \/>\nWaffenamt pr\u00e9sent.<br \/>\nIncompl\u00e8te.<br \/>\nDimension : L17cm x l17cm x h12cm<br \/>\n(En l&rsquo;\u00e9tat, usures, oxydation)<br \/>\n&#8211;<br \/>\nMetal box for accessories for 9 \u00ab\u00a0S.Mi.35\u00a0\u00bb bouncing mines<br \/>\nClosing with two hooks and a carrying handle.<br \/>\nManufacture: \u00ab\u00a0mt\u00a0\u00bb<br \/>\nDated 1943<br \/>\nWaffenamt present.<br \/>\nIncomplete.<br \/>\nDimensions: L6,7&Prime; x w6,7&Prime; x h4,7&Prime;<br \/>\n(As is, wear, oxidation)<\/p>","protected":false},"excerpt":{"rendered":"<p>Boite en m\u00e9tal pour accessoires de 9 mines bondissantes \u00ab\u00a0S.Mi.35\u00a0\u00bb Fermeture par deux crochets &#038; une poign\u00e9e de transport. Fabrication : \u00ab\u00a0mt\u00a0\u00bb Dat\u00e9e 1943 Waffenamt pr\u00e9sent. Incompl\u00e8te. Dimension : L17cm x l17cm x h12cm (En l&rsquo;\u00e9tat, usures, oxydation) &#8211; Metal box for accessories for 9 \u00ab\u00a0S.Mi.35\u00a0\u00bb bouncing mines Closing with two hooks and a carrying<a class=\"more-link\" href=\"https:\/\/military-classic-auction.com\/en\/product\/boite-en-metal-pour-accessoires-de-9-mines-bondissantes-s-mi-35\/\">Read more  &#10230;<\/a><\/p>","protected":false},"featured_media":10604,"template":"","meta":[],"product_brand":[],"product_cat":[27],"product_tag":[],"class_list":{"0":"post-12754","1":"product","2":"type-product","3":"status-publish","4":"has-post-thumbnail","6":"product_cat-larmee-des-caisses","8":"first","9":"instock","10":"sold-individually","11":"purchasable","12":"product-type-auction"},"aioseo_notices":[],"_links":{"self":[{"href":"https:\/\/military-classic-auction.com\/en\/wp-json\/wp\/v2\/product\/12754","targetHints":{"allow":["GET"]}}],"collection":[{"href":"https:\/\/military-classic-auction.com\/en\/wp-json\/wp\/v2\/product"}],"about":[{"href":"https:\/\/military-classic-auction.com\/en\/wp-json\/wp\/v2\/types\/product"}],"wp:featuredmedia":[{"embeddable":true,"href":"https:\/\/military-classic-auction.com\/en\/wp-json\/wp\/v2\/media\/10604"}],"wp:attachment":[{"href":"https:\/\/military-classic-auction.com\/en\/wp-json\/wp\/v2\/media?parent=12754"}],"wp:term":[{"taxonomy":"product_brand","embeddable":true,"href":"https:\/\/military-classic-auction.com\/en\/wp-json\/wp\/v2\/product_brand?post=12754"},{"taxonomy":"product_cat","embeddable":true,"href":"https:\/\/military-classic-auction.com\/en\/wp-json\/wp\/v2\/product_cat?post=12754"},{"taxonomy":"product_tag","embeddable":true,"href":"https:\/\/military-classic-auction.com\/en\/wp-json\/wp\/v2\/product_tag?post=12754"}],"curies":[{"name":"wp","href":"https:\/\/api.w.org\/{rel}","templated":true}]}}