{"id":12753,"date":"2024-06-21T16:19:39","date_gmt":"2024-06-21T16:19:39","guid":{"rendered":"https:\/\/military-classic-auction.com\/?post_type=product&#038;p=12753"},"modified":"2024-07-06T11:44:01","modified_gmt":"2024-07-06T11:44:01","slug":"boite-daccessoires-pour-9-mines-bondissantes-s-mi-35","status":"publish","type":"product","link":"https:\/\/military-classic-auction.com\/en\/product\/boite-daccessoires-pour-9-mines-bondissantes-s-mi-35\/","title":{"rendered":"Boite d&rsquo;accessoires pour 9 mines bondissantes \u00ab\u00a0S.Mi.35\u00a0\u00bb"},"content":{"rendered":"<p>Boite d&rsquo;accessoires pour 9 mines bondissantes \u00ab\u00a0S.Mi.35\u00a0\u00bb<br \/>\nFermeture par un t\u00e9ton &#038; poign\u00e9e de transport en cuir.<br \/>\nFabrication : \u00ab\u00a0gsv\u00a0\u00bb<br \/>\nDat\u00e9e 1942<br \/>\nWaffenamt pr\u00e9sent.<br \/>\n\u00c9tiquettes pr\u00e9sentes.<br \/>\nDimension : L19cm x l16,5cm x h14cm<br \/>\n(En l&rsquo;\u00e9tat, usures, oxydation)<br \/>\n&#8211;<br \/>\nAccessory box for 9 \u00ab\u00a0S.Mi.35\u00a0\u00bb leaping mines<br \/>\nNipple closure &#038; leather carrying handle.<br \/>\nManufactured: \u00ab\u00a0gsv\u00a0\u00bb<br \/>\nDated 1942<br \/>\nWaffenamt present.<br \/>\nLabels present.<br \/>\nDimensions: L7,5&Prime; x w6,5&Prime; x h5,5&Prime;<br \/>\n(As is, wear, oxidation)<\/p>","protected":false},"excerpt":{"rendered":"<p>Boite d&rsquo;accessoires pour 9 mines bondissantes \u00ab\u00a0S.Mi.35\u00a0\u00bb Fermeture par un t\u00e9ton &#038; poign\u00e9e de transport en cuir. Fabrication : \u00ab\u00a0gsv\u00a0\u00bb Dat\u00e9e 1942 Waffenamt pr\u00e9sent. \u00c9tiquettes pr\u00e9sentes. Dimension : L19cm x l16,5cm x h14cm (En l&rsquo;\u00e9tat, usures, oxydation) &#8211; Accessory box for 9 \u00ab\u00a0S.Mi.35\u00a0\u00bb leaping mines Nipple closure &#038; leather carrying handle. Manufactured: \u00ab\u00a0gsv\u00a0\u00bb Dated 1942<a class=\"more-link\" href=\"https:\/\/military-classic-auction.com\/en\/product\/boite-daccessoires-pour-9-mines-bondissantes-s-mi-35\/\">Read more  &#10230;<\/a><\/p>","protected":false},"featured_media":10597,"template":"","meta":[],"product_brand":[],"product_cat":[27],"product_tag":[],"class_list":{"0":"post-12753","1":"product","2":"type-product","3":"status-publish","4":"has-post-thumbnail","6":"product_cat-larmee-des-caisses","8":"first","9":"instock","10":"sold-individually","11":"purchasable","12":"product-type-auction"},"aioseo_notices":[],"_links":{"self":[{"href":"https:\/\/military-classic-auction.com\/en\/wp-json\/wp\/v2\/product\/12753","targetHints":{"allow":["GET"]}}],"collection":[{"href":"https:\/\/military-classic-auction.com\/en\/wp-json\/wp\/v2\/product"}],"about":[{"href":"https:\/\/military-classic-auction.com\/en\/wp-json\/wp\/v2\/types\/product"}],"wp:featuredmedia":[{"embeddable":true,"href":"https:\/\/military-classic-auction.com\/en\/wp-json\/wp\/v2\/media\/10597"}],"wp:attachment":[{"href":"https:\/\/military-classic-auction.com\/en\/wp-json\/wp\/v2\/media?parent=12753"}],"wp:term":[{"taxonomy":"product_brand","embeddable":true,"href":"https:\/\/military-classic-auction.com\/en\/wp-json\/wp\/v2\/product_brand?post=12753"},{"taxonomy":"product_cat","embeddable":true,"href":"https:\/\/military-classic-auction.com\/en\/wp-json\/wp\/v2\/product_cat?post=12753"},{"taxonomy":"product_tag","embeddable":true,"href":"https:\/\/military-classic-auction.com\/en\/wp-json\/wp\/v2\/product_tag?post=12753"}],"curies":[{"name":"wp","href":"https:\/\/api.w.org\/{rel}","templated":true}]}}