{"id":12752,"date":"2024-06-21T16:19:38","date_gmt":"2024-06-21T16:19:38","guid":{"rendered":"https:\/\/military-classic-auction.com\/?post_type=product&#038;p=12752"},"modified":"2024-07-05T18:43:54","modified_gmt":"2024-07-05T18:43:54","slug":"caisse-en-metal-pour-3-mines-bondissantes-s-mi-35-schrappnellminen-35","status":"publish","type":"product","link":"https:\/\/military-classic-auction.com\/en\/product\/caisse-en-metal-pour-3-mines-bondissantes-s-mi-35-schrappnellminen-35\/","title":{"rendered":"Caisse en m\u00e9tal pour 3 mines bondissantes \u00ab\u00a0S.Mi.35\u00a0\u00bb (SchrappnellMinen 35)"},"content":{"rendered":"<p>Caisse en m\u00e9tal pour 3 mines bondissantes \u00ab\u00a0S.Mi.35\u00a0\u00bb (SchrappnellMinen 35)<br \/>\nFermeture par deux crochets &#038; une poign\u00e9e de transport sur le couvercle.<br \/>\nCouleur jaune sable.<br \/>\nPas de marquage fabricant visible.<br \/>\nR\u00e2telier incomplet.<br \/>\nDimension : L35cm x l12,5cm x h17,5cm<br \/>\n(En l&rsquo;\u00e9tat, usures, oxydation)<br \/>\n&#8211;<br \/>\nMetal case for 3 \u00ab\u00a0S.Mi.35&Prime; bouncing mines (SchrappnellMinen 35)<br \/>\nClosing with two hooks &#038; a carrying handle on the lid.<br \/>\nSand yellow color.<br \/>\nNo visible manufacturer marking.<br \/>\nIncomplete rack.<br \/>\nDimensions: L13,8&Prime; x w4,9&Prime; x h6,9\u00a0\u00bb<br \/>\n(As is, wear, oxidation)<\/p>","protected":false},"excerpt":{"rendered":"<p>Caisse en m\u00e9tal pour 3 mines bondissantes \u00ab\u00a0S.Mi.35\u00a0\u00bb (SchrappnellMinen 35) Fermeture par deux crochets &#038; une poign\u00e9e de transport sur le couvercle. Couleur jaune sable. Pas de marquage fabricant visible. R\u00e2telier incomplet. Dimension : L35cm x l12,5cm x h17,5cm (En l&rsquo;\u00e9tat, usures, oxydation) &#8211; Metal case for 3 \u00ab\u00a0S.Mi.35&Prime; bouncing mines (SchrappnellMinen 35) Closing with<a class=\"more-link\" href=\"https:\/\/military-classic-auction.com\/en\/product\/caisse-en-metal-pour-3-mines-bondissantes-s-mi-35-schrappnellminen-35\/\">Read more  &#10230;<\/a><\/p>","protected":false},"featured_media":10588,"template":"","meta":[],"product_brand":[],"product_cat":[27],"product_tag":[],"class_list":{"0":"post-12752","1":"product","2":"type-product","3":"status-publish","4":"has-post-thumbnail","6":"product_cat-larmee-des-caisses","8":"first","9":"instock","10":"sold-individually","11":"purchasable","12":"product-type-auction"},"aioseo_notices":[],"_links":{"self":[{"href":"https:\/\/military-classic-auction.com\/en\/wp-json\/wp\/v2\/product\/12752","targetHints":{"allow":["GET"]}}],"collection":[{"href":"https:\/\/military-classic-auction.com\/en\/wp-json\/wp\/v2\/product"}],"about":[{"href":"https:\/\/military-classic-auction.com\/en\/wp-json\/wp\/v2\/types\/product"}],"wp:featuredmedia":[{"embeddable":true,"href":"https:\/\/military-classic-auction.com\/en\/wp-json\/wp\/v2\/media\/10588"}],"wp:attachment":[{"href":"https:\/\/military-classic-auction.com\/en\/wp-json\/wp\/v2\/media?parent=12752"}],"wp:term":[{"taxonomy":"product_brand","embeddable":true,"href":"https:\/\/military-classic-auction.com\/en\/wp-json\/wp\/v2\/product_brand?post=12752"},{"taxonomy":"product_cat","embeddable":true,"href":"https:\/\/military-classic-auction.com\/en\/wp-json\/wp\/v2\/product_cat?post=12752"},{"taxonomy":"product_tag","embeddable":true,"href":"https:\/\/military-classic-auction.com\/en\/wp-json\/wp\/v2\/product_tag?post=12752"}],"curies":[{"name":"wp","href":"https:\/\/api.w.org\/{rel}","templated":true}]}}