{"id":94,"date":"2024-02-18T10:22:17","date_gmt":"2024-02-18T09:22:17","guid":{"rendered":"https:\/\/localhost\/wordpress\/?page_id=94"},"modified":"2024-03-27T17:49:05","modified_gmt":"2024-03-27T16:49:05","slug":"comment-encherir","status":"publish","type":"page","link":"https:\/\/military-classic-auction.com\/en\/comment-encherir\/","title":{"rendered":"Howto bid?"},"content":{"rendered":"<div class=\"wp-block-cover alignfull\" style=\"min-height:113px;aspect-ratio:unset;\"><span aria-hidden=\"true\" class=\"wp-block-cover__background has-background-dim wp-block-cover__gradient-background has-background-gradient\" style=\"background:linear-gradient(135deg,rgb(0,0,0) 0%,rgb(85,85,85) 100%)\"><\/span><img loading=\"lazy\" decoding=\"async\" width=\"1881\" height=\"1180\" class=\"wp-block-cover__image-background wp-image-37\" alt=\"\" src=\"https:\/\/military-classic-auction.com\/wp-content\/uploads\/global-images\/IMG_7820.jpg\" data-object-fit=\"cover\" srcset=\"https:\/\/military-classic-auction.com\/wp-content\/uploads\/global-images\/IMG_7820.jpg 1881w, https:\/\/military-classic-auction.com\/wp-content\/uploads\/global-images\/IMG_7820-416x261.jpg 416w, https:\/\/military-classic-auction.com\/wp-content\/uploads\/global-images\/IMG_7820-300x188.jpg 300w, https:\/\/military-classic-auction.com\/wp-content\/uploads\/global-images\/IMG_7820-1536x964.jpg 1536w\" sizes=\"auto, (max-width: 1881px) 100vw, 1881px\" \/><div class=\"wp-block-cover__inner-container is-layout-flow wp-block-cover-is-layout-flow\">\n<div class=\"wp-block-group\" style=\"padding-top:2em;padding-right:2em;padding-bottom:2em;padding-left:2em\"><div class=\"wp-block-group__inner-container is-layout-flow wp-block-group-is-layout-flow\">\n<h1 class=\"wp-block-heading has-yith-proteo-editor-custom-color-2-color has-text-color has-link-color wp-elements-87b10ae3e5f778fed3d64100853629cf\" style=\"font-size:36px\"><strong>Howto bid?<\/strong><\/h1>\n\n\n\n<p class=\"has-extra-small-font-size\"><\/p>\n<\/div><\/div>\n<\/div><\/div>\n\n\n\n<div class=\"wp-block-columns alignwide is-layout-flex wp-container-core-columns-is-layout-829b1d53 wp-block-columns-is-layout-flex\" style=\"margin-bottom:0\">\n<div class=\"wp-block-column has-text-color has-background has-link-color wp-elements-ce086c47a5740ba42fc1e534a0066070 is-layout-flow wp-block-column-is-layout-flow\" style=\"color:#000000;background-color:#ffffff;padding-top:2em;padding-right:2em;padding-bottom:2em;padding-left:2em\"><div class=\"wp-block-image\">\n<figure class=\"aligncenter size-full\"><img decoding=\"async\" src=\"https:\/\/auctionlive.test\/wp-content\/uploads\/2024\/03\/mca-rv.png\" alt=\"\" class=\"wp-image-6042\"\/><\/figure>\n<\/div><\/div>\n\n\n\n<div class=\"wp-block-column border-radius-7 has-text-color has-background has-link-color wp-elements-1567fbb5d238fa51241b372f4bf6a39e is-layout-flow wp-block-column-is-layout-flow\" style=\"color:#000000;background-color:#e3e3ee;padding-top:2em;padding-right:2em;padding-bottom:2em;padding-left:2em\">\n<p class=\"has-yith-proteo-editor-custom-color-4-color has-text-color has-link-color has-medium-font-size wp-elements-b18740b5621974d02414ee697e3a73d7\" style=\"line-height:1.6\"><strong>How to create an account,  how to bid?<\/strong><\/p>\n\n\n\n<p class=\"has-medium-font-size\" style=\"line-height:1.6\"><strong>We explain it all!<\/strong><\/p>\n<\/div>\n<\/div>\n\n\n\n<div style=\"height:50px\" aria-hidden=\"true\" class=\"wp-block-spacer\"><\/div>\n\n\n\n<div class=\"wp-block-columns alignwide is-layout-flex wp-container-core-columns-is-layout-829b1d53 wp-block-columns-is-layout-flex\" style=\"margin-bottom:0\">\n<div class=\"wp-block-column border-radius-7 has-yith-proteo-editor-custom-color-4-color has-text-color has-background has-link-color wp-elements-10c89f7a0ddcc977add80533a3cd29c6 is-layout-flow wp-block-column-is-layout-flow\" style=\"background-color:#dddddd;padding-top:2em;padding-right:2em;padding-bottom:2em;padding-left:2em\">\n<h2 class=\"wp-block-heading\" id=\"single\" style=\"font-size:40px\"><strong>1. Create my account<\/strong><\/h2>\n\n\n\n<hr class=\"wp-block-separator has-text-color has-css-opacity has-background is-style-wide\" style=\"background-color:#000000;color:#000000\"\/>\n\n\n\n<ul class=\"has-normal-font-size wp-block-list\">\n<li style=\"font-size:16px\">Simply click on the icon at top right <span class=\"lnr lnr-user\"><\/span> ou utilisez un menu \u00ab\u00a0Mon compte\u00a0\u00bb.<\/li>\n\n\n\n<li style=\"font-size:16px\">Fill in all the necessary fields on the form.<\/li>\n\n\n\n<li style=\"font-size:16px\">Accept the terms and conditions of use and sale.<\/li>\n\n\n\n<li style=\"font-size:16px\">After validating your form, you will receive an email validating your address.<\/li>\n<\/ul>\n\n\n\n<p style=\"font-size:16px\">Creating an account does not yet allow you to bid, but it does give you the option of viewing images of lots subject to article R.645-1 of the French penal code.<\/p>\n\n\n\n<p style=\"font-size:16px\">To bid, you will need to provide proof of payment (see point 2).<\/p>\n\n\n\n<div style=\"height:40px\" aria-hidden=\"true\" class=\"wp-block-spacer\"><\/div>\n\n\n\n<div class=\"wp-block-buttons alignfull is-horizontal is-content-justification-center is-layout-flex wp-container-core-buttons-is-layout-499968f5 wp-block-buttons-is-layout-flex\">\n<div class=\"wp-block-button\"><a class=\"wp-block-button__link has-yith-proteo-editor-custom-color-2-color has-text-color has-link-color wp-element-button\"><mark style=\"background-color:rgba(0, 0, 0, 0)\" class=\"has-inline-color has-yith-proteo-editor-custom-color-2-color\">Create my account<\/mark><\/a><\/div>\n<\/div>\n<\/div>\n\n\n\n<div class=\"wp-block-column has-yith-proteo-editor-custom-color-4-color has-text-color has-background has-link-color wp-elements-ca080a2c4b7a64460c0f0c3f75a483cb is-layout-flow wp-block-column-is-layout-flow\" style=\"background-color:#e3e3ee;padding-top:2em;padding-right:2em;padding-bottom:2em;padding-left:2em\">\n<h2 class=\"wp-block-heading\" id=\"family\" style=\"font-size:40px\"><strong>2. I register my payment method<\/strong><\/h2>\n\n\n\n<hr class=\"wp-block-separator has-css-opacity is-style-wide\"\/>\n\n\n\n<ul class=\"has-normal-font-size wp-block-list\">\n<li style=\"font-size:16px\">Our banking partner is Stripe (more info).<\/li>\n\n\n\n<li style=\"font-size:16px\">You can register several payment methods, which will be validated by our partner.<\/li>\n\n\n\n<li style=\"font-size:16px\">When paying for a winning bid, you can select your payment method or add another.<\/li>\n\n\n\n<li style=\"font-size:16px\">You can withdraw your means of payment at any time on your account page, but you will no longer be able to bid without a valid means of payment.<\/li>\n<\/ul>\n\n\n\n<div class=\"wp-block-buttons alignfull is-horizontal is-content-justification-center is-layout-flex wp-container-core-buttons-is-layout-499968f5 wp-block-buttons-is-layout-flex\"><\/div>\n<\/div>\n<\/div>\n\n\n\n<div style=\"height:50px\" aria-hidden=\"true\" class=\"wp-block-spacer\"><\/div>\n\n\n\n<div class=\"wp-block-columns alignwide is-layout-flex wp-container-core-columns-is-layout-829b1d53 wp-block-columns-is-layout-flex\" style=\"margin-bottom:0\">\n<div class=\"wp-block-column has-yith-proteo-editor-custom-color-4-color has-text-color has-background has-link-color wp-elements-22cac0ec0494ed4a363bcc4c9855c187 is-layout-flow wp-block-column-is-layout-flow\" style=\"background-color:#e3e3ee;padding-top:2em;padding-right:2em;padding-bottom:2em;padding-left:2em\">\n<h2 class=\"wp-block-heading\" id=\"family\" style=\"font-size:40px\"><strong>Bid<\/strong><\/h2>\n\n\n\n<hr class=\"wp-block-separator has-css-opacity is-style-wide\"\/>\n\n\n\n<p class=\"has-normal-font-size\"><strong>On each lot, you have : <\/strong><\/p>\n\n\n\n<ul class=\"wp-block-list\">\n<li style=\"font-size:16px\">Lot estimate<\/li>\n\n\n\n<li style=\"font-size:16px\">Description, origin and condition.<\/li>\n\n\n\n<li style=\"font-size:16px\">The amount of the last bid.<\/li>\n\n\n\n<li style=\"font-size:16px\">Time remaining to bid<\/li>\n\n\n\n<li style=\"font-size:16px\">The bid submission zone<\/li>\n<\/ul>\n\n\n\n<div style=\"height:25px\" aria-hidden=\"true\" class=\"wp-block-spacer\"><\/div>\n\n\n\n<figure class=\"wp-block-image size-full is-resized is-style-default\"><img loading=\"lazy\" decoding=\"async\" width=\"1578\" height=\"1402\" src=\"https:\/\/military-classic-auction.com\/wp-content\/uploads\/image.png\" alt=\"\" class=\"wp-image-6128\" style=\"width:443px;height:auto\" srcset=\"https:\/\/military-classic-auction.com\/wp-content\/uploads\/\/image.png 1578w, https:\/\/military-classic-auction.com\/wp-content\/uploads\/\/image-300x267.png 300w, https:\/\/military-classic-auction.com\/wp-content\/uploads\/\/image-1536x1365.png 1536w, https:\/\/military-classic-auction.com\/wp-content\/uploads\/\/image-14x12.png 14w, https:\/\/military-classic-auction.com\/wp-content\/uploads\/\/image-362x322.png 362w, https:\/\/military-classic-auction.com\/wp-content\/uploads\/\/image-812x721.png 812w\" sizes=\"auto, (max-width: 1578px) 100vw, 1578px\" \/><\/figure>\n\n\n\n<p style=\"font-size:16px\"><strong>Simply click on the \"+\" button to increase the price of your offer, then on the \"Offer\" button to validate.<\/strong><\/p>\n\n\n\n<p style=\"font-size:16px\">Offers increase automatically in steps of X euros according to sales.<\/p>\n\n\n\n<div class=\"wp-block-buttons alignfull is-horizontal is-content-justification-center is-layout-flex wp-container-core-buttons-is-layout-499968f5 wp-block-buttons-is-layout-flex\"><\/div>\n<\/div>\n\n\n\n<div class=\"wp-block-column is-layout-flow wp-block-column-is-layout-flow\"><\/div>\n<\/div>","protected":false},"excerpt":{"rendered":"<p>Comment cr\u00e9er un compte, comment ench\u00e9rir ? On vous explique tout ! 1. Je cr\u00e9e mon compte La cr\u00e9ation de votre compte ne vous permettra pas encore d&rsquo;ench\u00e9rir mais vous donnera par exemple la possibilit\u00e9 de consulter les images des lots soumis \u00e0 l&rsquo;article R.645-1 du code p\u00e9nal. Pour ench\u00e9rir, vous devrez justifier d&rsquo;un moyen<a class=\"more-link\" href=\"https:\/\/military-classic-auction.com\/en\/comment-encherir\/\">Read more  &#10230;<\/a><\/p>","protected":false},"author":12,"featured_media":0,"parent":0,"menu_order":0,"comment_status":"closed","ping_status":"closed","template":"","meta":{"footnotes":""},"class_list":["post-94","page","type-page","status-publish","hentry"],"aioseo_notices":[],"_links":{"self":[{"href":"https:\/\/military-classic-auction.com\/en\/wp-json\/wp\/v2\/pages\/94","targetHints":{"allow":["GET"]}}],"collection":[{"href":"https:\/\/military-classic-auction.com\/en\/wp-json\/wp\/v2\/pages"}],"about":[{"href":"https:\/\/military-classic-auction.com\/en\/wp-json\/wp\/v2\/types\/page"}],"author":[{"embeddable":true,"href":"https:\/\/military-classic-auction.com\/en\/wp-json\/wp\/v2\/users\/12"}],"replies":[{"embeddable":true,"href":"https:\/\/military-classic-auction.com\/en\/wp-json\/wp\/v2\/comments?post=94"}],"version-history":[{"count":16,"href":"https:\/\/military-classic-auction.com\/en\/wp-json\/wp\/v2\/pages\/94\/revisions"}],"predecessor-version":[{"id":6143,"href":"https:\/\/military-classic-auction.com\/en\/wp-json\/wp\/v2\/pages\/94\/revisions\/6143"}],"wp:attachment":[{"href":"https:\/\/military-classic-auction.com\/en\/wp-json\/wp\/v2\/media?parent=94"}],"curies":[{"name":"wp","href":"https:\/\/api.w.org\/{rel}","templated":true}]}}