{"id":5964,"date":"2024-03-16T10:09:07","date_gmt":"2024-03-16T09:09:07","guid":{"rendered":"https:\/\/military-classic-auction.com\/?page_id=5964"},"modified":"2024-03-30T00:17:38","modified_gmt":"2024-03-29T23:17:38","slug":"conditions-generales-dutilisation","status":"publish","type":"page","link":"https:\/\/military-classic-auction.com\/en\/conditions-generales-dutilisation\/","title":{"rendered":"Conditions g\u00e9n\u00e9rales d&rsquo;utilisation"},"content":{"rendered":"<div class=\"wp-block-columns is-not-stacked-on-mobile content-datas-txt is-layout-flex wp-container-core-columns-is-layout-9d6595d7 wp-block-columns-is-layout-flex\">\n<div class=\"wp-block-column is-layout-flow wp-block-column-is-layout-flow\">\n<h1 class=\"wp-block-heading\">Conditions g\u00e9n\u00e9rales d&rsquo;utilisation<\/h1>\n\n\n\n<p>Derni\u00e8re mise \u00e0 jour le 16 mars 2024<\/p>\n\n\n\n<h2 class=\"wp-block-heading\">1. D\u00e9finitions<\/h2>\n\n\n\n<ul class=\"wp-block-list\">\n<li><strong>L&rsquo;\u00e9diteur<\/strong>, renvoi sur la page des mentions l\u00e9gales pour l&rsquo;identification des \u00e9diteurs du Site et des ses Services.<\/li>\n\n\n\n<li><strong>Conditions G\u00e9n\u00e9rales d\u2019Utilisation<\/strong> (CGU) : Les pr\u00e9sentes conditions g\u00e9n\u00e9rales d\u2019utilisation du Site et de ses Services.<\/li>\n\n\n\n<li><strong>Conditions G\u00e9n\u00e9rales de Vente<\/strong> (CGV) disponible sur <a href=\"https:\/\/military-classic-auction.com\/en\/conditions-generales-de-vente\/\" data-type=\"page\" data-id=\"5981\">cette page<\/a>.<\/li>\n\n\n\n<li><strong>Contenus<\/strong> : Propos, textes, articles, photos, vid\u00e9os, liens hypertextes, fichiers, documents ou tout autre \u00e9l\u00e9ment rendus accessibles au public par l\u2019interm\u00e9diaire du Site.<\/li>\n\n\n\n<li><strong>Utilisateur<\/strong> : Toute personne qui utilise le Site et ses Services<\/li>\n<\/ul>\n\n\n\n<p><\/p>\n\n\n\n<p><\/p>\n\n\n\n<h2 class=\"wp-block-heading\">2. Objets des conditions g\u00e9n\u00e9rales d&rsquo;utilisation<\/h2>\n\n\n\n<p>Le Site permet aux Utilisateurs d\u2019acc\u00e9der aux catalogues des ventes, de consulter les r\u00e9sultats des derni\u00e8res ventes, d&rsquo;acc\u00e9der aux ventes en ligne et de d\u00e9poser des ordres d&rsquo;achat sur u ou plusieurs lots d&rsquo;une vente..&nbsp;<br>Les Conditions G\u00e9n\u00e9rales d\u2019Utilisation constituent le contrat entre l\u2019Op\u00e9rateur de Ventes et l&rsquo;Utilisateur concernant l\u2019utilisation du site et de ses services.<br>En cas de non-acceptation des Conditions G\u00e9n\u00e9rales d&rsquo;Utilisation, l&rsquo;Utilisateur se doit de renoncer \u00e0 l&rsquo;acc\u00e8s au Site et \u00e0 l\u2019utilisation des Services.<br><br>Chaque Utilisateur doit prendre connaissance et accepter, sans r\u00e9serve, les Conditions G\u00e9n\u00e9rales d\u2019Utilisation, par un m\u00e9canisme de validation par case \u00e0 cocher, lors de la cr\u00e9ation de son compte Utilisateur.<br><br>Les Conditions G\u00e9n\u00e9rales d\u2019Utilisation sont applicables \u00e0 toute utilisation du Site.<\/p>\n\n\n\n<h2 class=\"wp-block-heading\">3. Services<\/h2>\n\n\n\n<ul class=\"wp-block-list\">\n<li>Mise \u00e0 disposition des catalogues des ventes Online mises en ligne<\/li>\n\n\n\n<li>Cr\u00e9ation de compte Utilisateur<\/li>\n\n\n\n<li>D\u00e9p\u00f4t d&rsquo;une empreinte bancaire<\/li>\n\n\n\n<li>Action de d\u00e9p\u00f4t d&rsquo;un ordre d&rsquo;achat sur un ou plusieurs lots d&rsquo;une vente<\/li>\n\n\n\n<li>Demande de contact<\/li>\n<\/ul>\n\n\n\n<p><\/p>\n\n\n\n<p><\/p>\n\n\n\n<h2 class=\"wp-block-heading\">4. Obligations de l&rsquo;Utilisateur<\/h2>\n\n\n\n<ul class=\"wp-block-list\">\n<li>L\u2019Utilisateur doit s\u2019assurer qu\u2019il dispose des outils adapt\u00e9s \u00e0 l\u2019utilisation des Services du site et, au minimum, des recommandations techniques suivantes permettant d\u2019optimiser l\u2019acc\u00e8s aux Services : derni\u00e8re version des navigateurs existants sur le march\u00e9, une connexion Internet haut d\u00e9bit.&nbsp;<\/li>\n\n\n\n<li>L\u2019Utilisateur s\u2019engage \u00e0 utiliser le Site dans le respect des Conditions G\u00e9n\u00e9rales d\u2019Utilisation et de la loi applicable et \u00e0 adopter un comportement loyal vis-\u00e0-vis de l\u2019Op\u00e9rateur de Ventes.<\/li>\n\n\n\n<li>L\u2019Utilisateur s\u2019engage \u00e0 fournir des informations personnelles exactes dans les formulaires qu\u2019il communique \u00e0 l\u2019Op\u00e9rateur de Ventes.<\/li>\n\n\n\n<li>L\u2019Op\u00e9rateur de Ventes ne peut en aucun cas \u00eatre tenu responsable en cas d\u2019incidents li\u00e9s \u00e0 des informations mal renseign\u00e9es de sa part.<\/li>\n\n\n\n<li>L\u2019Utilisateur garantit qu\u2019aucun \u00e9l\u00e9ment qu\u2019il transmet ne porte atteinte aux droits de tiers, ni n\u2019est contraire \u00e0 la loi et aux r\u00e8glements en vigueur.<\/li>\n<\/ul>\n\n\n\n<p>\u00c0 d\u00e9faut, l\u2019Op\u00e9rateur de Ventes se r\u00e9serve le droit d\u2019exercer toute action appropri\u00e9e, y compris en retirant le contenu interdit, suspendant ou refusant les ench\u00e8res de l\u2019Utilisateur concern\u00e9 ou en exer\u00e7ant toute action, y compris judiciaire.<\/p>\n\n\n\n<h2 class=\"wp-block-heading\">5. Donn\u00e9es personnelles<\/h2>\n\n\n\n<p>L\u2019Editeur s&rsquo;engage \u00e0 respecter la r\u00e9glementation en vigueur applicable au traitement de donn\u00e9es \u00e0 caract\u00e8re personnel et, en particulier, le r\u00e8glement (UE) 2016\/679 du Parlement europ\u00e9en et du Conseil applicable \u00e0 compter du 25 mai 2018 (ci-apr\u00e8s, \u00ab le RGPD \u00bb) et la loi n\u00b078-17 du 6 janvier 1978 modifi\u00e9e, dite \u00ab Loi Informatique et Libert\u00e9s \u00bb.<\/p>\n\n\n\n<p>Plus d&rsquo;informations sur la page de <a href=\"https:\/\/military-classic-auction.com\/en\/politique-de-confidentialite\/\" data-type=\"page\" data-id=\"3\">politique des donn\u00e9es personnelles<\/a>.<\/p>\n\n\n\n<h2 class=\"wp-block-heading\">6. Informations bancaires<\/h2>\n\n\n\n<p><strong>Pour d\u00e9poser un ordre d&rsquo;achat<\/strong>, l&rsquo;Utilisateur doit enregistrer une empreinte bancaire aupr\u00e8s notre partenaire STRIPE.<\/p>\n\n\n\n<p><strong>Pour r\u00e9gler un lot<\/strong>, l&rsquo;Utilisateur doit imp\u00e9rativement utiliser le Site via le profil de son compte apr\u00e8s r\u00e9ception d&rsquo;une confirmation de commande.<\/p>\n\n\n\n<h2 class=\"wp-block-heading\">7. Propri\u00e9t\u00e9 intellectuelle<\/h2>\n\n\n\n<p>Le Site est propri\u00e9taire des droits de propri\u00e9t\u00e9 intellectuelle et d\u00e9tient les droits d\u2019usage sur tous les \u00e9l\u00e9ments accessibles sur le site internet, notamment les textes, images, graphismes, logos et vid\u00e9os.<\/p>\n\n\n\n<p>Toute reproduction, repr\u00e9sentation, modification, publication, adaptation par l&rsquo;utilisateur, de tout ou partie des \u00e9l\u00e9ments du site, quel que soit le moyen ou le proc\u00e9d\u00e9 utilis\u00e9, est interdite, sauf autorisation \u00e9crite pr\u00e9alable de ROIS &amp; VAUPRES ENCHERES.<\/p>\n\n\n\n<p>Toute exploitation non autoris\u00e9e du site ou de l\u2019un quelconque des \u00e9l\u00e9ments qu\u2019il contient sera consid\u00e9r\u00e9e comme constitutive d\u2019une contrefa\u00e7on et poursuivie conform\u00e9ment aux dispositions des articles L.335-2 et suivants du Code de Propri\u00e9t\u00e9 Intellectuelle.<\/p>\n\n\n\n<h2 class=\"wp-block-heading\">8. Modifications des conditions g\u00e9n\u00e9rales d&rsquo;Utilisation<\/h2>\n\n\n\n<p>ROIS &amp; VAUPRES ENCHERES a le droit de modifier et d&rsquo;adapter les CGU \u00e0 tout moment. Elles seront donc accept\u00e9es au moment de l&rsquo;envoi d&rsquo;un ordre d&rsquo;achat ou d&rsquo;une ench\u00e8re.<\/p>\n<\/div>\n<\/div>","protected":false},"excerpt":{"rendered":"<p>Conditions g\u00e9n\u00e9rales d&rsquo;utilisation Derni\u00e8re mise \u00e0 jour le 16 mars 2024 1. D\u00e9finitions 2. Objets des conditions g\u00e9n\u00e9rales d&rsquo;utilisation Le Site permet aux Utilisateurs d\u2019acc\u00e9der aux catalogues des ventes, de consulter les r\u00e9sultats des derni\u00e8res ventes, d&rsquo;acc\u00e9der aux ventes en ligne et de d\u00e9poser des ordres d&rsquo;achat sur u ou plusieurs lots d&rsquo;une vente..&nbsp;Les Conditions<a class=\"more-link\" href=\"https:\/\/military-classic-auction.com\/en\/conditions-generales-dutilisation\/\">Read more  &#10230;<\/a><\/p>","protected":false},"author":12,"featured_media":0,"parent":0,"menu_order":0,"comment_status":"closed","ping_status":"closed","template":"","meta":{"footnotes":""},"class_list":["post-5964","page","type-page","status-publish","hentry"],"aioseo_notices":[],"_links":{"self":[{"href":"https:\/\/military-classic-auction.com\/en\/wp-json\/wp\/v2\/pages\/5964","targetHints":{"allow":["GET"]}}],"collection":[{"href":"https:\/\/military-classic-auction.com\/en\/wp-json\/wp\/v2\/pages"}],"about":[{"href":"https:\/\/military-classic-auction.com\/en\/wp-json\/wp\/v2\/types\/page"}],"author":[{"embeddable":true,"href":"https:\/\/military-classic-auction.com\/en\/wp-json\/wp\/v2\/users\/12"}],"replies":[{"embeddable":true,"href":"https:\/\/military-classic-auction.com\/en\/wp-json\/wp\/v2\/comments?post=5964"}],"version-history":[{"count":17,"href":"https:\/\/military-classic-auction.com\/en\/wp-json\/wp\/v2\/pages\/5964\/revisions"}],"predecessor-version":[{"id":6425,"href":"https:\/\/military-classic-auction.com\/en\/wp-json\/wp\/v2\/pages\/5964\/revisions\/6425"}],"wp:attachment":[{"href":"https:\/\/military-classic-auction.com\/en\/wp-json\/wp\/v2\/media?parent=5964"}],"curies":[{"name":"wp","href":"https:\/\/api.w.org\/{rel}","templated":true}]}}