{"id":444,"date":"2024-02-27T13:26:32","date_gmt":"2024-02-27T12:26:32","guid":{"rendered":"https:\/\/military-classic-auction.com\/?page_id=444"},"modified":"2024-03-30T00:21:04","modified_gmt":"2024-03-29T23:21:04","slug":"mentions","status":"publish","type":"page","link":"https:\/\/military-classic-auction.com\/en\/mentions\/","title":{"rendered":"Legals"},"content":{"rendered":"<div class=\"wp-block-columns is-not-stacked-on-mobile content-datas-txt is-layout-flex wp-container-core-columns-is-layout-9d6595d7 wp-block-columns-is-layout-flex\">\n<div class=\"wp-block-column is-layout-flow wp-block-column-is-layout-flow\">\n<h1 class=\"wp-block-heading\">Legals<\/h1>\n\n\n\n<p>Conform\u00e9ment aux dispositions des Articles 6-III et 19 de la Loi n\u00b02004-575 du 21 juin 2004 pour la Confiance dans l\u2019\u00e9conomie num\u00e9rique, dite L.C.E.N., il est port\u00e9 \u00e0 la connaissance des utilisateurs et visiteurs, ci-apr\u00e8s l&rsquo;Utilisateur, du site <strong>military-classic-auction.com<\/strong> (le Site) les mentions l\u00e9gales suivantes.<\/p>\n\n\n\n<p>La connexion et la navigation sur le Site par l\u2019Utilisateur implique acceptation int\u00e9grale et sans r\u00e9serve des pr\u00e9sentes mentions l\u00e9gales.<\/p>\n\n\n\n<h2 class=\"wp-block-heading\">1. \u00c9diteur du Site<\/h2>\n\n\n\n<p>L&rsquo;\u00e9dition du Site est assur\u00e9e par Rois &amp; Vaupres Ench\u00e8res, SARL au capital de 10 000 euros, immatricul\u00e9e au Registre du Commerce et des Soci\u00e9t\u00e9s de Vire sous le num\u00e9ro 441191533 et dont le si\u00e8ge social est situ\u00e9 au 4 Rue Ren\u00e9 Ch\u00e2tel,14500 VIRE-NORMANDIE.<\/p>\n\n\n\n<p>Num\u00e9ro de t\u00e9l\u00e9phone : 02.31.68.17.19,<\/p>\n\n\n\n<p>Adresse e-mail : <a href=\"mailto:contactvire@rois-encheres.com\">contactvire@rois-encheres.com<\/a>.<\/p>\n\n\n\n<p>N\u00b0 de TVA intracommunautaire : Caen B 441 191 533<\/p>\n\n\n\n<p>Directeur de la publication : XXXXXXXXXXXX<\/p>\n\n\n\n<p><\/p>\n\n\n\n<h2 class=\"wp-block-heading\"><strong>2. H\u00e9bergement du Site<\/strong><\/h2>\n\n\n\n<p>OVH (TODO)<\/p>\n\n\n\n<h2 class=\"wp-block-heading\">3. Cr\u00e9dits<\/h2>\n\n\n\n<p>Images par MCG &#8211; Toute reproduction interdite sans l&rsquo;accord de MCG.<\/p>\n\n\n\n<h2 class=\"wp-block-heading\">4. R\u00e9alisation<\/h2>\n\n\n\n<p>Soci\u00e9t\u00e9 Proxiigen &#8211; Impasse Grande Yberterie &#8211; 50560 Gouville sur mer &#8211; <a href=\"https:\/\/proxiigen.io\" target=\"_blank\" rel=\"noreferrer noopener\">Proxiigen.io<\/a><\/p>\n\n\n\n<h2 class=\"wp-block-heading\">5. Acc\u00e8s au Site<\/h2>\n\n\n\n<p>Le Site est accessible en tout endroit, 7j\/7, 24h\/24 sauf cas de force majeure, interruption programm\u00e9e ou non et pouvant d\u00e9coulant d\u2019une n\u00e9cessit\u00e9 de maintenance.<\/p>\n\n\n\n<p>Toute utilisation, reproduction, diffusion, commercialisation, modification de toute ou partie du Site, sans autorisation de l\u2019Editeur est prohib\u00e9e et pourra entrainer des actions et poursuites judiciaires telles que notamment pr\u00e9vues par le Code de la propri\u00e9t\u00e9 intellectuelle et le Code civil.<\/p>\n<\/div>\n<\/div>\n\n\n\n<p><\/p>","protected":false},"excerpt":{"rendered":"<p>Mentions l\u00e9gales Conform\u00e9ment aux dispositions des Articles 6-III et 19 de la Loi n\u00b02004-575 du 21 juin 2004 pour la Confiance dans l\u2019\u00e9conomie num\u00e9rique, dite L.C.E.N., il est port\u00e9 \u00e0 la connaissance des utilisateurs et visiteurs, ci-apr\u00e8s l&rsquo;Utilisateur, du site military-classic-auction.com (le Site) les mentions l\u00e9gales suivantes. La connexion et la navigation sur le Site<a class=\"more-link\" href=\"https:\/\/military-classic-auction.com\/en\/mentions\/\">Read more  &#10230;<\/a><\/p>","protected":false},"author":12,"featured_media":0,"parent":0,"menu_order":0,"comment_status":"closed","ping_status":"open","template":"","meta":{"footnotes":""},"class_list":["post-444","page","type-page","status-publish","hentry"],"aioseo_notices":[],"_links":{"self":[{"href":"https:\/\/military-classic-auction.com\/en\/wp-json\/wp\/v2\/pages\/444","targetHints":{"allow":["GET"]}}],"collection":[{"href":"https:\/\/military-classic-auction.com\/en\/wp-json\/wp\/v2\/pages"}],"about":[{"href":"https:\/\/military-classic-auction.com\/en\/wp-json\/wp\/v2\/types\/page"}],"author":[{"embeddable":true,"href":"https:\/\/military-classic-auction.com\/en\/wp-json\/wp\/v2\/users\/12"}],"replies":[{"embeddable":true,"href":"https:\/\/military-classic-auction.com\/en\/wp-json\/wp\/v2\/comments?post=444"}],"version-history":[{"count":8,"href":"https:\/\/military-classic-auction.com\/en\/wp-json\/wp\/v2\/pages\/444\/revisions"}],"predecessor-version":[{"id":6427,"href":"https:\/\/military-classic-auction.com\/en\/wp-json\/wp\/v2\/pages\/444\/revisions\/6427"}],"wp:attachment":[{"href":"https:\/\/military-classic-auction.com\/en\/wp-json\/wp\/v2\/media?parent=444"}],"curies":[{"name":"wp","href":"https:\/\/api.w.org\/{rel}","templated":true}]}}