{"id":331,"date":"2024-02-26T13:11:03","date_gmt":"2024-02-26T12:11:03","guid":{"rendered":"https:\/\/military-classic-auction.com\/?page_id=331"},"modified":"2026-03-18T22:36:58","modified_gmt":"2026-03-18T20:36:58","slug":"military-classic-center-auctions","status":"publish","type":"page","link":"https:\/\/military-classic-auction.com\/en\/military-classic-center-auctions\/","title":{"rendered":"Center Live Auctions"},"content":{"rendered":"<div class=\"wp-block-cover alignfull has-medium-font-size\" style=\"min-height:100vh;aspect-ratio:unset;\"><img loading=\"lazy\" decoding=\"async\" width=\"2560\" height=\"1810\" class=\"wp-block-cover__image-background wp-image-20324 size-full\" alt=\"\" src=\"https:\/\/military-classic-auction.com\/wp-content\/uploads\/couv-cat-butee-3-scaled.jpg\" style=\"object-position:48% 0%\" data-object-fit=\"cover\" data-object-position=\"48% 0%\" srcset=\"https:\/\/military-classic-auction.com\/wp-content\/uploads\/couv-cat-butee-3-scaled.jpg 2560w, https:\/\/military-classic-auction.com\/wp-content\/uploads\/couv-cat-butee-3-300x212.jpg 300w, https:\/\/military-classic-auction.com\/wp-content\/uploads\/couv-cat-butee-3-1448x1024.jpg 1448w, https:\/\/military-classic-auction.com\/wp-content\/uploads\/couv-cat-butee-3-768x543.jpg 768w, https:\/\/military-classic-auction.com\/wp-content\/uploads\/couv-cat-butee-3-362x256.jpg 362w, https:\/\/military-classic-auction.com\/wp-content\/uploads\/couv-cat-butee-3-812x574.jpg 812w\" sizes=\"auto, (max-width: 2560px) 100vw, 2560px\" \/><span aria-hidden=\"true\" class=\"wp-block-cover__background has-background-dim-40 has-background-dim\" style=\"background-color:#000000\"><\/span><div class=\"wp-block-cover__inner-container is-layout-flow wp-block-cover-is-layout-flow\">\n<h5 class=\"wp-block-heading alignwide has-white-color has-text-color\" style=\"font-size:48px;line-height:1.2\">Military Classic Center <\/h5>\n\n\n\n<div class=\"wp-block-columns alignwide is-layout-flex wp-container-core-columns-is-layout-9d6595d7 wp-block-columns-is-layout-flex\">\n<div class=\"wp-block-column has-yith-proteo-editor-custom-color-2-color has-text-color has-link-color wp-elements-aaf9ef71de1fb73799592c01b4b58531 is-layout-flow wp-block-column-is-layout-flow\" style=\"flex-basis:60%\">\n<p class=\"has-large-font-size\">Rendez vous les samedi 11 et dimanche 12 Avril prochain pour une exceptionnelle vente de Militaria&#8230;<\/p>\n<\/div>\n\n\n\n<div class=\"wp-block-column is-layout-flow wp-block-column-is-layout-flow\"><\/div>\n<\/div>\n\n\n\n<div class=\"wp-block-buttons alignwide is-layout-flex wp-block-buttons-is-layout-flex\">\n<div class=\"wp-block-button\"><a class=\"wp-block-button__link wp-element-button\" href=\"https:\/\/military-classic-center.com\/fr\" target=\"_blank\" rel=\"noreferrer noopener nofollow\">Military Classic CENTER<\/a><\/div>\n<\/div>\n<\/div><\/div>\n\n\n\n<div class=\"wp-block-media-text alignfull has-media-on-the-right is-stacked-on-mobile is-vertically-aligned-top is-image-fill-element has-yith-proteo-editor-custom-color-2-color has-text-color has-background has-link-color wp-elements-6b0e4826cd6dfbfd3e33adcc1aa2b113\" style=\"background-color:#121c1c;grid-template-columns:auto 66%\"><div class=\"wp-block-media-text__content\">\n<h2 class=\"wp-block-heading has-yith-proteo-editor-custom-color-2-color has-text-color has-link-color wp-elements-47171230619ef847788fff24c210e3fd\" style=\"padding-top:var(--wp--preset--spacing--60);padding-bottom:var(--wp--preset--spacing--60);font-size:48px;font-style:normal;font-weight:700;line-height:1.15\">Military Classic CENTER<\/h2>\n\n\n\n<p class=\"has-medium-font-size\">Le rendez vous des collectionneurs, militaria et m\u00e9morabilia, automobiles, motos et blind\u00e9s r\u00e9unis dans les collections de nos catalogues&#8230; A suivre &amp; d\u00e9couvrir ! <\/p>\n\n\n\n<p class=\"has-text-align-left has-medium-font-size\">The meeting place for collectors of militaria and memorabilia, automobiles, motorcycles, and armored vehicles brought together in the collections of our catalogs&#8230; Stay tuned and discover more!<\/p>\n\n\n\n<p class=\"has-text-align-left has-yith-proteo-editor-custom-color-2-color has-text-color has-medium-font-size\">Vente en salle, t\u00e9l\u00e9phone et Live Auction par la Maison d&rsquo;ench\u00e8res Rois &amp; Vaupr\u00e8s.<\/p>\n\n\n\n<div class=\"wp-block-group has-link-color wp-elements-dd9aa3d0f0449e4e8fb400dbbe286625\" style=\"padding-top:2em;padding-right:2em;padding-bottom:2em;padding-left:2em\"><div class=\"wp-block-group__inner-container is-layout-flow wp-block-group-is-layout-flow\"><\/div><\/div>\n<\/div><figure class=\"wp-block-media-text__media\"><img loading=\"lazy\" decoding=\"async\" width=\"1365\" height=\"1024\" src=\"https:\/\/military-classic-auction.com\/wp-content\/uploads\/486611714_1144924824312897_6252337549376115889_n-1-1365x1024.jpg\" alt=\"\" class=\"wp-image-20320 size-full\" style=\"object-position:52% 12%\" srcset=\"https:\/\/military-classic-auction.com\/wp-content\/uploads\/486611714_1144924824312897_6252337549376115889_n-1-1365x1024.jpg 1365w, https:\/\/military-classic-auction.com\/wp-content\/uploads\/486611714_1144924824312897_6252337549376115889_n-1-300x225.jpg 300w, https:\/\/military-classic-auction.com\/wp-content\/uploads\/486611714_1144924824312897_6252337549376115889_n-1-768x576.jpg 768w, https:\/\/military-classic-auction.com\/wp-content\/uploads\/486611714_1144924824312897_6252337549376115889_n-1.jpg 2048w\" sizes=\"auto, (max-width: 1365px) 100vw, 1365px\" \/><\/figure><\/div>\n\n\n\n<div class=\"wp-block-cover alignfull is-light\" style=\"margin-top:0;padding-top:6vw;padding-right:6vw;padding-bottom:6vw;padding-left:6vw\"><span aria-hidden=\"true\" class=\"wp-block-cover__background has-yith-proteo-editor-custom-color-5-background-color has-background-dim-30 has-background-dim\"><\/span><div class=\"wp-block-cover__inner-container is-layout-flow wp-block-cover-is-layout-flow\">\n<div class=\"wp-block-group is-content-justification-center is-layout-flex wp-container-core-group-is-layout-6546ee5a wp-block-group-is-layout-flex\">\n<div class=\"wp-block-group alignwide wp-container-content-ceb7f5b3 is-content-justification-left\"><div class=\"wp-block-group__inner-container is-layout-constrained wp-container-core-group-is-layout-9aeb1ad9 wp-block-group-is-layout-constrained\">\n<h2 class=\"wp-block-heading has-text-align-left has-contrast-color has-text-color\" style=\"font-size:69px;font-style:normal;font-weight:500;line-height:0.9;text-transform:none\">Military Classic Center<\/h2>\n\n\n\n<div style=\"height:24px\" aria-hidden=\"true\" class=\"wp-block-spacer\"><\/div>\n\n\n\n<p class=\"has-text-align-left has-contrast-color has-text-color has-medium-font-size\">D\u00e9couvrez tous nos services pour les collectionneurs et passionn\u00e9s&#8230;<\/p>\n\n\n\n<p class=\"has-medium-font-size\">En Normandie, sur les plages du D-DAY, entre Utah et Omaha Beach , \u00e0 Grandcamp les Bains, ville baln\u00e9aire, d\u00e9couvrez nos activit\u00e9s d\u00e9di\u00e9s aux Collections&#8230; Automobiles &amp; Blind\u00e9s, Militaria &amp; Memorabilia, restaurations, ventes &amp; expertises&#8230;<\/p>\n\n\n\n<div style=\"height:60px\" aria-hidden=\"true\" class=\"wp-block-spacer\"><\/div>\n\n\n\n<div class=\"wp-block-buttons is-content-justification-left is-nowrap is-layout-flex wp-container-core-buttons-is-layout-6447b855 wp-block-buttons-is-layout-flex\">\n<div class=\"wp-block-button is-style-fill\"><a class=\"wp-block-button__link has-base-color has-contrast-background-color has-text-color has-background has-custom-font-size wp-element-button\" href=\"https:\/\/military-classic-center.com\/fr\" style=\"border-radius:49px;padding-top:24px;padding-right:48px;padding-bottom:24px;padding-left:48px;font-size:16px;font-style:normal;font-weight:500;letter-spacing:0px;text-transform:uppercase\">EN SAVOIR PLUS<\/a><\/div>\n<\/div>\n<\/div><\/div>\n\n\n\n<div class=\"wp-block-group is-content-justification-right is-nowrap is-layout-flex wp-container-core-group-is-layout-ba11ac9d wp-block-group-is-layout-flex\">\n<div class=\"wp-block-group wp-container-content-0733e5d0\"><div class=\"wp-block-group__inner-container is-layout-flow wp-block-group-is-layout-flow\">\n<div style=\"height:8vw\" aria-hidden=\"true\" class=\"wp-block-spacer\"><\/div>\n\n\n\n<figure class=\"wp-block-image size-full wp-container-content-0733e5d0\"><img loading=\"lazy\" decoding=\"async\" width=\"2560\" height=\"1920\" src=\"https:\/\/military-classic-auction.com\/wp-content\/uploads\/img_4459-scaled.jpg\" alt=\"\" class=\"wp-image-6378\" srcset=\"https:\/\/military-classic-auction.com\/wp-content\/uploads\/\/img_4459-scaled.jpg 2560w, https:\/\/military-classic-auction.com\/wp-content\/uploads\/\/img_4459-300x225.jpg 300w, https:\/\/military-classic-auction.com\/wp-content\/uploads\/\/img_4459-1536x1152.jpg 1536w, https:\/\/military-classic-auction.com\/wp-content\/uploads\/\/img_4459-16x12.jpg 16w, https:\/\/military-classic-auction.com\/wp-content\/uploads\/\/img_4459-362x272.jpg 362w, https:\/\/military-classic-auction.com\/wp-content\/uploads\/\/img_4459-812x609.jpg 812w\" sizes=\"auto, (max-width: 2560px) 100vw, 2560px\" \/><\/figure>\n<\/div><\/div>\n\n\n\n<figure class=\"wp-block-image size-full wp-container-content-0733e5d0\"><img loading=\"lazy\" decoding=\"async\" width=\"1440\" height=\"1080\" src=\"https:\/\/military-classic-auction.com\/wp-content\/uploads\/338688878_2193367100864735_2135424183977274100_n.jpg\" alt=\"\" class=\"wp-image-6379\" srcset=\"https:\/\/military-classic-auction.com\/wp-content\/uploads\/\/338688878_2193367100864735_2135424183977274100_n.jpg 1440w, https:\/\/military-classic-auction.com\/wp-content\/uploads\/\/338688878_2193367100864735_2135424183977274100_n-300x225.jpg 300w, https:\/\/military-classic-auction.com\/wp-content\/uploads\/\/338688878_2193367100864735_2135424183977274100_n-16x12.jpg 16w, https:\/\/military-classic-auction.com\/wp-content\/uploads\/\/338688878_2193367100864735_2135424183977274100_n-362x272.jpg 362w, https:\/\/military-classic-auction.com\/wp-content\/uploads\/\/338688878_2193367100864735_2135424183977274100_n-812x609.jpg 812w\" sizes=\"auto, (max-width: 1440px) 100vw, 1440px\" \/><\/figure>\n<\/div>\n<\/div>\n<\/div><\/div>","protected":false},"excerpt":{"rendered":"","protected":false},"author":12,"featured_media":0,"parent":0,"menu_order":0,"comment_status":"closed","ping_status":"open","template":"","meta":{"footnotes":""},"class_list":["post-331","page","type-page","status-publish","hentry"],"aioseo_notices":[],"_links":{"self":[{"href":"https:\/\/military-classic-auction.com\/en\/wp-json\/wp\/v2\/pages\/331","targetHints":{"allow":["GET"]}}],"collection":[{"href":"https:\/\/military-classic-auction.com\/en\/wp-json\/wp\/v2\/pages"}],"about":[{"href":"https:\/\/military-classic-auction.com\/en\/wp-json\/wp\/v2\/types\/page"}],"author":[{"embeddable":true,"href":"https:\/\/military-classic-auction.com\/en\/wp-json\/wp\/v2\/users\/12"}],"replies":[{"embeddable":true,"href":"https:\/\/military-classic-auction.com\/en\/wp-json\/wp\/v2\/comments?post=331"}],"version-history":[{"count":70,"href":"https:\/\/military-classic-auction.com\/en\/wp-json\/wp\/v2\/pages\/331\/revisions"}],"predecessor-version":[{"id":20329,"href":"https:\/\/military-classic-auction.com\/en\/wp-json\/wp\/v2\/pages\/331\/revisions\/20329"}],"wp:attachment":[{"href":"https:\/\/military-classic-auction.com\/en\/wp-json\/wp\/v2\/media?parent=331"}],"curies":[{"name":"wp","href":"https:\/\/api.w.org\/{rel}","templated":true}]}}