{"id":3,"date":"2024-01-23T09:12:46","date_gmt":"2024-01-23T08:12:46","guid":{"rendered":"https:\/\/localhost\/wordpress\/?page_id=3"},"modified":"2024-04-06T09:08:26","modified_gmt":"2024-04-06T09:08:26","slug":"politique-de-confidentialite","status":"publish","type":"page","link":"https:\/\/military-classic-auction.com\/en\/politique-de-confidentialite\/","title":{"rendered":"Datas protection policy"},"content":{"rendered":"<div class=\"wp-block-columns is-not-stacked-on-mobile content-datas-txt is-layout-flex wp-container-core-columns-is-layout-9d6595d7 wp-block-columns-is-layout-flex\">\n<div class=\"wp-block-column is-layout-flow wp-block-column-is-layout-flow\">\n<h1 class=\"wp-block-heading\">Datas protection policy<\/h1>\n\n\n\n<p>Derni\u00e8re mise \u00e0 jour le 16 mars 2024<\/p>\n\n\n\n<p>La soci\u00e9t\u00e9 Rois &amp; Vaupres Ench\u00e8res (\u00ab\u00a0<strong>R&amp;V<\/strong>\u00a0\u00bb ou \u00ab\u00a0<strong>nous<\/strong>\u00ab\u00a0)  accorde une grande importance \u00e0 la protection des donn\u00e9es \u00e0 caract\u00e8re personnel (\u00ab\u00a0<strong>DP<\/strong>\u00ab\u00a0) des utilisateurs du site <strong>online.military-classic-auction.com<\/strong>. Par la pr\u00e9sente Politique de protection des donn\u00e9es personnelles (la \u00ab <strong>Politique<\/strong> \u00bb), R&amp;V informe les utilisateurs sur la mani\u00e8re dont sont trait\u00e9es leurs Donn\u00e9es collect\u00e9es dans le cadre de leur navigation sur le Site et leur utilisation des services propos\u00e9s sur le Site et ses partenaires.<\/p>\n\n\n\n<p><\/p>\n\n\n\n<p>La soci\u00e9t\u00e9 Rois &amp; Vaupres Ench\u00e8res collecte et utilise les Donn\u00e9es des Utilisateurs conform\u00e9ment aux dispositions de la loi n\u00b078-17 du 6 janvier 1978 dite \u201cInformatique et Libert\u00e9\u201d et le R\u00e8glement (UE) n\u00b02016\/679 du Parlement europ\u00e9en et du Conseil du 27 avril 2016 relatif \u00e0 la protection des personnes physiques \u00e0 l\u2019\u00e9gard du traitement des donn\u00e9es \u00e0 caract\u00e8re personnel et \u00e0 la libre circulation de ces donn\u00e9es (le \u201c<strong>RGPD<\/strong>\u201d).<\/p>\n\n\n\n<p>La Politique de protection des donn\u00e9es peut \u00eatre amen\u00e9e \u00e0 \u00e9voluer en fonction des changements r\u00e9glementaires ou pour tenir compte des recommandations des autorit\u00e9s de contr\u00f4le. Vous \u00eates donc invit\u00e9s \u00e0 v\u00e9rifier l\u2019\u00e9tendue de la politique au jour de votre utilisation du Site et au jour de votre ench\u00e8re. R&amp;V utilise vos Donn\u00e9es conform\u00e9ment \u00e0 la Politique en vigueur au moment o\u00f9 vous nous soumettez lesdites Donn\u00e9es, sauf opposition ou retrait de votre consentement<\/p>\n\n\n\n<h2 class=\"wp-block-heading\">1. Responsable des traitements des Donn\u00e9es<\/h2>\n\n\n\n<p>Sauf indication contraire, la soci\u00e9t\u00e9 Rois &amp; Vaupres Ench\u00e8res est le responsable du traitement, au sens du RGPD, mis en \u0153uvre pour assurer le fonctionnement du Site et la fourniture des services propos\u00e9s.<\/p>\n\n\n\n<p>Pour les besoins d&rsquo;ex\u00e9cution de ses services, le Site peut avoir recours \u00e0 des services propos\u00e9s par des tiers, tels que le paiement, la livraison ou le routage d&#8217;emails. La politique de protection des donn\u00e9es ne s&rsquo;applique pas aux ces sites ou services. Nous vous invitons \u00e0 consulter les politiques de protection des donn\u00e9es de ces partenaires.<\/p>\n\n\n\n<p><\/p>\n\n\n\n<h2 class=\"wp-block-heading\">2. Donn\u00e9es collect\u00e9es<\/h2>\n\n\n\n<p>2.1 Cr\u00e9ation d&rsquo;un compte <strong>Online Auction<\/strong> &#8211; L&rsquo;acc\u00e8s \u00e0 certains services du Site n\u00e9cessite la cr\u00e9ation pr\u00e9alable d&rsquo;un compte utilisateur. Il est dans ce cas demand\u00e9 \u00e0 l&rsquo;utilisateur de fournir les informations suivantes : pr\u00e9nom, nom, adresse email, adresse postale compl\u00e8te, n\u00b0 de t\u00e9l\u00e9phone. La cr\u00e9ation d&rsquo;un compte est \u00e9galement associ\u00e9e \u00e0 un mot de passe s\u00e9curis\u00e9 auquel la soci\u00e9t\u00e9 Rois et Vaupres ni ses prestataires n&rsquo;ont acc\u00e8s.<\/p>\n\n\n\n<p>2.3 Participation \u00e0 une ench\u00e8re Online &#8211; L&rsquo;acc\u00e8s \u00e0 certains services n\u00e9cessite le d\u00e9p\u00f4t d&rsquo;une empreinte bancaire s\u00e9curis\u00e9e et conserv\u00e9e par notre partenaire bancaire STRIPE. la soci\u00e9t\u00e9 Rois &amp; Vaupres Ench\u00e8res se r\u00e9serve \u00e9galement le droit d&rsquo;obtenir un justificatif d&rsquo;identit\u00e9.<\/p>\n\n\n\n<p>2.4 Inscription newsletter &#8211; Lorsque vous vous inscrivez \u00e0 notre newsletter sur le Site, il vous sera demand\u00e9 de renseigner votre adresse email. Lorsque l&rsquo;utilisateur poss\u00e8de un compte, l&rsquo;adresse email de r\u00e9ception des newsletter peut \u00eatre diff\u00e9rente de celle de son compte.<\/p>\n\n\n\n<p>2.6 Contact &#8211; Lors d&rsquo;une demande de contact, la soci\u00e9t\u00e9 Rois &amp; Vaupres Ench\u00e8res collecte le message adress\u00e9 ainsi que l&rsquo;adresse email de l&rsquo;utilisateur.<\/p>\n\n\n\n<p>2.7 Navigation sur le site &#8211; Des informations techniques et d&rsquo;analyse sont collect\u00e9es, que l&rsquo;Utilisateur soit connect\u00e9 \u00e0 son compte ou non. Il s&rsquo;agit d&rsquo;informations li\u00e9es aux visites de pages, d&rsquo;adresse IP, localisation du terminal utilis\u00e9, cookies techniques ou d&rsquo;analyse. Ces donn\u00e9es ne permettent pas d\u2019identifier l\u2019Utilisateur, m\u00eame lorsque celui-ci consulte ces pages en \u00e9tant connect\u00e9 \u00e0 son compte. Elles permettent n\u00e9anmoins de suivre l&rsquo;activit\u00e9 d&rsquo;un m\u00eame Utilisateur sur le Site, comme sa langue de navigation, la situation de connexion ou non \u00e0 son compte.<\/p>\n\n\n\n<p><\/p>\n\n\n\n<h2 class=\"wp-block-heading\">3. Finalit\u00e9s des traitements<\/h2>\n\n\n\n<p>Vos Donn\u00e9es collect\u00e9es font l&rsquo;objet de traitements r\u00e9pondants \u00e0 une ou plusieurs des finalit\u00e9s suivantes :<\/p>\n\n\n\n<ul class=\"wp-block-list\">\n<li>Analyser et am\u00e9liorer la navigation sur le site en r\u00e9alisant des statistiques d&rsquo;usage anonymes;<\/li>\n\n\n\n<li>Identifier des bugs informatiques;<\/li>\n\n\n\n<li>Permettre l&rsquo;utilisation des services du Site, notamment la cr\u00e9ation et la gestion du compte Utilisateur, enregistrement de favoris, traitement des ordres d&rsquo;achat;<\/li>\n\n\n\n<li>Communiquer avec l&rsquo;Utilisateur en lui adressant les messages \u00e9lectroniques relatifs \u00e0 l&rsquo;activit\u00e9 de son compte, participation \u00e0 une vente, \u00e9tat de son ordre d&rsquo;achat, situation de sa participation \u00e0 une vente, bon de commande, facture;<\/li>\n\n\n\n<li>Pr\u00e9venir et lutter contre les abus et la fraude;<\/li>\n\n\n\n<li>G\u00e9rer les demandes d&rsquo;exercice des droits;<\/li>\n\n\n\n<li>G\u00e9rer les demandes de contact;<\/li>\n\n\n\n<li><\/li>\n<\/ul>\n\n\n\n<h2 class=\"wp-block-heading\">4. Bases l\u00e9gales du traitement des Donn\u00e9es<\/h2>\n\n\n\n<p>Consentement : vous acceptez le traitement de vos donn\u00e9es personnelles sur la base d&rsquo;un consentement expr\u00e8s. Notre politique en mati\u00e8re de cookies vous permet de modifier ce consentement \u00e0 tout moment.<\/p>\n\n\n\n<p>Ex\u00e9cution des relations contractuelles : en tant qu&rsquo;Utilisateur inscrit et poss\u00e9dant un compte sur notre Site, vous avez accept\u00e9 les CGU disponibles sur le Site. Ce document formalise une relation contractuelle entre Vous et la soci\u00e9t\u00e9 Rois &amp; Vaupres Ench\u00e8res et sert de base juridique de la Collecte et du traitement des donn\u00e9es.<\/p>\n\n\n\n<h2 class=\"wp-block-heading\">5. Destinataires des Donn\u00e9es<\/h2>\n\n\n\n<p>Dans le cadre du traitement des Donn\u00e9es Personnelles et pour l&rsquo;ex\u00e9cution de ses services, la soci\u00e9t\u00e9 Rois &amp; Vaupres Ench\u00e8res peut \u00eatre amen\u00e9e \u00e0 transmettre certaines donn\u00e9es dans les cas suivants :<\/p>\n\n\n\n<ul class=\"wp-block-list\">\n<li>Personnels de la soci\u00e9t\u00e9, \u00e9quipe support, service juridique, service de traitement des commandes<\/li>\n\n\n\n<li>Partenaire expert des ventes et collections, la soci\u00e9t\u00e9 Military Classic Auction, SAS au capital social de 1 000 euros dont le si\u00e8ge social est situ\u00e9 \u00e0 Parc d\u2019activit\u00e9 Synergie \u2013 Route d\u2019Isigny \u2013 14450 Grandcamp-Maisy, immatricul\u00e9e au Registre du Commerce et des Soci\u00e9t\u00e9s de Caen, Calvados, sous le num\u00e9ro 891034852.<\/li>\n\n\n\n<li>Partenaire bancaire STRIPE<\/li>\n\n\n\n<li>Partenaire de routage des messages, la soci\u00e9t\u00e9 Mailjet<\/li>\n\n\n\n<li>Autorit\u00e9s l\u00e9gales<\/li>\n<\/ul>\n\n\n\n<p>Aucune donn\u00e9e personnelle n&rsquo;est transmise ni stock\u00e9e en dehors de l&rsquo;UE.<\/p>\n\n\n\n<p>La soci\u00e9t\u00e9 Rois &amp; Vaupres Ench\u00e8res ne c\u00e8de aucune donn\u00e9e concernant les Utilisateurs \u00e0 des tiers \u00e0 des fins commerciales.<\/p>\n\n\n\n<h2 class=\"wp-block-heading\">6. Protection des Donn\u00e9es<\/h2>\n\n\n\n<p>6.1 Le protocole TLS est utilis\u00e9 pour chiffrer les transmissions des informations saisies; vous pouvez reconna\u00eetre ce chiffrage par l&rsquo;usage d&rsquo;adresses commen\u00e7ant par https:\/\/ (et non https:\/\/) ainsi que par la pr\u00e9sence d&rsquo;une cl\u00e9 ou d&rsquo;un cadenas g\u00e9n\u00e9ralement plac\u00e9 \u00e0 gauche de la barre d&rsquo;adresse de votre navigateur.<\/p>\n\n\n\n<p>6.2 Cryptage des Donn\u00e9es et des sauvegardes &#8211; Les donn\u00e9es sont stock\u00e9es dans des environnements physiques s\u00e9curis\u00e9s et font l&rsquo;objet de cryptage au repos.<\/p>\n\n\n\n<p><strong>6.3 Confidentialit\u00e9 de votre mot de passe<\/strong><\/p>\n\n\n\n<p>Votre mot de passe est crypt\u00e9 de mani\u00e8re irr\u00e9versible conform\u00e9ment aux usages de s\u00e9curit\u00e9 en vigueur. Cela signifie notamment que nous ne sommes pas en mesure de le conna\u00eetre. Vous \u00eates responsable de la confidentialit\u00e9 du mot de passe que vous avez choisi, et vous engagez \u00e0 le conservez secret et ne pas le communiquer. Lors de votre inscription, nous nous effor\u00e7ons de vous fournir une indication fiable sur le niveau de s\u00e9curit\u00e9 de votre mot de passe. Celui-ci doit \u00eatre conserv\u00e9 en lieu s\u00fbr et de mani\u00e8re s\u00e9curis\u00e9 via par exemple un logiciel de gestion des mots de passe, et ne doit \u00e9videmment jamais \u00eatre divulgu\u00e9.<\/p>\n\n\n\n<p><\/p>\n\n\n\n<h2 class=\"wp-block-heading\">7. Dur\u00e9es de conservation<\/h2>\n\n\n\n<figure class=\"wp-block-table\"><table><tbody><tr><td><strong>Donn\u00e9es<\/strong><\/td><td><strong>Finalit\u00e9s<\/strong><\/td><td><strong>Dur\u00e9es de conservation<\/strong><\/td><td><strong>Condition d&rsquo;archivage et de suppression<\/strong><\/td><\/tr><tr><td>Analyses de navigation et de connexion au site<\/td><td>Int\u00e9r\u00eat l\u00e9gitime de proc\u00e9der \u00e0 des analyses d&rsquo;utilisation du Site et ses services, de mani\u00e8re anonyme<\/td><td>24 mois maximum<\/td><td>Suppression ou anonymisation<\/td><\/tr><tr><td>Donn\u00e9es de compte Utilisateur<\/td><td>G\u00e9rer le compte Utilisateur et ses acc\u00e8s<\/td><td>Dur\u00e9e du compte Online &#8211; L&rsquo;Utilisateur peut demander la suppression de son compte.<\/td><td>Suppression ou anonymisation<\/td><\/tr><tr><td>Newsletter<\/td><td>Transmission d&rsquo;une newsletter<\/td><td>Jusqu&rsquo;\u00e0 la d\u00e9sinscription<\/td><td>Suppression<\/td><\/tr><tr><td>Demande de contact<\/td><td>R\u00e9pondre aux demandes de support<\/td><td>Dur\u00e9e de traitement de la demande + 12 mois<\/td><td>Suppression<\/td><\/tr><tr><td><\/td><td><\/td><td><\/td><td><\/td><\/tr><tr><td><\/td><td><\/td><td><\/td><td><\/td><\/tr><\/tbody><\/table><\/figure>\n\n\n\n<h2 class=\"wp-block-heading\">8. Vos droits sur les Donn\u00e9es et comment les exercer<\/h2>\n\n\n\n<p>Vous disposez, dans les conditions pr\u00e9vues par la loi, de droits sur les donn\u00e9es personnelles vous concernant que nous collectons et traitons dans le cadre de votre utilisation du Site, de ses services et de vos demandes. Ces droits sont les suivants :<\/p>\n\n\n\n<ul class=\"wp-block-list\">\n<li>droit d\u2019acc\u00e8s, <\/li>\n\n\n\n<li>droit de rectification <\/li>\n\n\n\n<li>droit \u00e0 l\u2019effacement des Donn\u00e9es<\/li>\n\n\n\n<li>droit de d\u00e9finir des directives g\u00e9n\u00e9rales ou particuli\u00e8res relatives au sort de vos donn\u00e9es personnelles apr\u00e8s votre d\u00e9c\u00e8s<\/li>\n\n\n\n<li>droit d\u2019opposition au traitement de vos donn\u00e9es<\/li>\n\n\n\n<li>droit \u00e0 la limitation du traitement de vos donn\u00e9es<\/li>\n\n\n\n<li>droit \u00e0 la portabilit\u00e9<\/li>\n<\/ul>\n\n\n\n<p>Vous pouvez exercer ces droits :<\/p>\n\n\n\n<ul class=\"wp-block-list\">\n<li>Soit en ligne en vous connectant sur votre profil.<\/li>\n\n\n\n<li>Soit en \u00e9crivant au correspondant RGPD de la soci\u00e9t\u00e9 R&amp;V par email (<strong>contact@rois-encheres.com<\/strong>) ou par courrier \u00e0 l\u2019adresse suivante : Correspondant RGPD de la Soci\u00e9t\u00e9 Rois &amp; Vaupres &#8211; 181 Rue Marie Curie, 50380 Saint-Pair-sur-Mer, France.<\/li>\n<\/ul>\n\n\n\n<p>Toute demande doit \u00eatre accompagn\u00e9e d&rsquo;une photocopie d&rsquo;une pi\u00e8ce d&rsquo;identit\u00e9.<\/p>\n\n\n\n<p>Vous pouvez, en cas de contestation, former une r\u00e9clamation aupr\u00e8s de la Commission Nationale de l\u2019Informatique et des Libert\u00e9s dont le Site internet est accessible \u00e0 l\u2019adresse suivante <a href=\"https:\/\/www.cnil.fr\">https:\/\/www.cnil.fr<\/a> et le si\u00e8ge situ\u00e9 3 Place de Fontenoy, 75007 Paris.&nbsp;<\/p>\n\n\n\n<p><\/p>\n\n\n\n<h2 class=\"wp-block-heading\">9. Gestion des cookies<\/h2>\n\n\n\n<p><strong>9.1 Cookies techniques n\u00e9cessaires<\/strong><\/p>\n\n\n\n<p>Ces cookies sont n\u00e9cessaires \u00e0 l&rsquo;utilisation du Site et \u00e0 sa s\u00e9curisation. Ils concernent votre langue de navigation, la situation de votre session de navigation selon que vous \u00eates connect\u00e9 ou pas \u00e0 votre compte utilisateur. Leur d\u00e9sactivation par un proc\u00e9d\u00e9 de blocage via votre navigateur est susceptible de d\u00e9t\u00e9riorer les fonctionnalit\u00e9s du Site et votre usage sans que nous puissions en \u00eatre tenus responsables.<\/p>\n\n\n\n<p><strong>9.2 Cookies publicitaires<\/strong> : non applicable, le Site n&rsquo;utilise aucun cookie publicitaire<\/p>\n\n\n\n<p><strong>9.3 Cookie d&rsquo;analyses<\/strong> : non applicable, le Site n&rsquo;utilise aucun tracker d&rsquo;analyse.<\/p>\n\n\n\n<p><\/p>\n<\/div>\n<\/div>","protected":false},"excerpt":{"rendered":"<p>Politique de protection des donn\u00e9es Derni\u00e8re mise \u00e0 jour le 16 mars 2024 La soci\u00e9t\u00e9 Rois &amp; Vaupres Ench\u00e8res (\u00ab\u00a0R&amp;V\u00a0\u00bb ou \u00ab\u00a0nous\u00ab\u00a0) accorde une grande importance \u00e0 la protection des donn\u00e9es \u00e0 caract\u00e8re personnel (\u00ab\u00a0DP\u00ab\u00a0) des utilisateurs du site online.military-classic-auction.com. Par la pr\u00e9sente Politique de protection des donn\u00e9es personnelles (la \u00ab Politique \u00bb), R&amp;V informe<a class=\"more-link\" href=\"https:\/\/military-classic-auction.com\/en\/politique-de-confidentialite\/\">Read more  &#10230;<\/a><\/p>","protected":false},"author":12,"featured_media":0,"parent":0,"menu_order":0,"comment_status":"closed","ping_status":"open","template":"","meta":{"footnotes":""},"class_list":["post-3","page","type-page","status-publish","hentry"],"aioseo_notices":[],"_links":{"self":[{"href":"https:\/\/military-classic-auction.com\/en\/wp-json\/wp\/v2\/pages\/3","targetHints":{"allow":["GET"]}}],"collection":[{"href":"https:\/\/military-classic-auction.com\/en\/wp-json\/wp\/v2\/pages"}],"about":[{"href":"https:\/\/military-classic-auction.com\/en\/wp-json\/wp\/v2\/types\/page"}],"author":[{"embeddable":true,"href":"https:\/\/military-classic-auction.com\/en\/wp-json\/wp\/v2\/users\/12"}],"replies":[{"embeddable":true,"href":"https:\/\/military-classic-auction.com\/en\/wp-json\/wp\/v2\/comments?post=3"}],"version-history":[{"count":36,"href":"https:\/\/military-classic-auction.com\/en\/wp-json\/wp\/v2\/pages\/3\/revisions"}],"predecessor-version":[{"id":6924,"href":"https:\/\/military-classic-auction.com\/en\/wp-json\/wp\/v2\/pages\/3\/revisions\/6924"}],"wp:attachment":[{"href":"https:\/\/military-classic-auction.com\/en\/wp-json\/wp\/v2\/media?parent=3"}],"curies":[{"name":"wp","href":"https:\/\/api.w.org\/{rel}","templated":true}]}}