{"id":163,"date":"2024-02-18T17:22:25","date_gmt":"2024-02-18T16:22:25","guid":{"rendered":"https:\/\/military-classic-auction.com\/?page_id=163"},"modified":"2024-03-16T08:45:35","modified_gmt":"2024-03-16T07:45:35","slug":"a-propos-de-nous","status":"publish","type":"page","link":"https:\/\/military-classic-auction.com\/en\/a-propos-de-nous\/","title":{"rendered":"About Us"},"content":{"rendered":"<div class=\"wp-block-columns is-layout-flex wp-container-core-columns-is-layout-9d6595d7 wp-block-columns-is-layout-flex\">\n<div class=\"wp-block-column is-layout-flow wp-block-column-is-layout-flow\">\n<figure class=\"wp-block-image size-full is-resized\"><img loading=\"lazy\" decoding=\"async\" width=\"1007\" height=\"1280\" src=\"https:\/\/military-classic-auction.com\/wp-content\/uploads\/global-images\/thumbnail_IMG_2593.webp\" alt=\"\" class=\"wp-image-5890\" style=\"aspect-ratio:0.6666666666666666;object-fit:cover;width:533px;height:auto\" srcset=\"https:\/\/military-classic-auction.com\/wp-content\/uploads\/global-images\/thumbnail_IMG_2593.webp 1007w, https:\/\/military-classic-auction.com\/wp-content\/uploads\/global-images\/thumbnail_IMG_2593-236x300.webp 236w, https:\/\/military-classic-auction.com\/wp-content\/uploads\/global-images\/thumbnail_IMG_2593-9x12.webp 9w\" sizes=\"auto, (max-width: 1007px) 100vw, 1007px\" \/><\/figure>\n<\/div>\n\n\n\n<div class=\"wp-block-column is-layout-flow wp-block-column-is-layout-flow\" style=\"padding-top:var(--wp--preset--spacing--50);padding-bottom:0\"><div class=\"wp-block-image\">\n<figure class=\"aligncenter size-full is-resized\"><img loading=\"lazy\" decoding=\"async\" width=\"674\" height=\"182\" src=\"https:\/\/military-classic-auction.com\/wp-content\/uploads\/global-images\/Logo-RoisVaupres-Encheres-sans-fond_edited.webp\" alt=\"\" class=\"wp-image-5889\" style=\"width:393px;height:auto\" srcset=\"https:\/\/military-classic-auction.com\/wp-content\/uploads\/global-images\/Logo-RoisVaupres-Encheres-sans-fond_edited.webp 674w, https:\/\/military-classic-auction.com\/wp-content\/uploads\/global-images\/Logo-RoisVaupres-Encheres-sans-fond_edited-300x81.webp 300w, https:\/\/military-classic-auction.com\/wp-content\/uploads\/global-images\/Logo-RoisVaupres-Encheres-sans-fond_edited-18x5.webp 18w\" sizes=\"auto, (max-width: 674px) 100vw, 674px\" \/><\/figure>\n<\/div>\n\n\n<p style=\"font-size:17px\">Rois &amp; Vaupres Ench\u00e8res est une maison de vente issue d&rsquo;une charge \u00e9tablie au XIXe si\u00e8cle.\u00a0<\/p>\n\n\n\n<p style=\"font-size:17px\">Situ\u00e9 \u00e0 Granville et Vire, l&rsquo;h\u00f4tel des ventes est dirig\u00e9 par deux commissaires-priseurs, \u00a0Ma\u00eetre Florence Rois et Ma\u00eetre Mathilde Vaupres-Simon, sp\u00e9cialis\u00e9es dans l&rsquo;expertise d&rsquo;objets d&rsquo;art, de collections et de mat\u00e9riels d&rsquo;exploitation.<\/p>\n\n\n\n<p style=\"font-size:17px\">Rois &amp; Vaupres Ench\u00e8res organise et r\u00e9alise des ventes aux ench\u00e8res de diff\u00e9rentes sp\u00e9cialit\u00e9s \u00e0 l&rsquo;\u00e9tude, ou directement sur place dans toute la France.<\/p>\n\n\n\n<p style=\"font-size:17px\">Cette structure effectue \u00e9galement divers inventaires, expertises et estimations, dans tous les domaines de la collection, en vue de vente, de partage, d&rsquo;assurance, de succession, de tutelle,&#8230;<\/p>\n\n\n\n<p style=\"font-size:17px\">Entour\u00e9 d&rsquo;experts sp\u00e9cialis\u00e9s dans des domaines vari\u00e9s, Rois &amp; Vaupres Ench\u00e8res intervient dans des domaines vari\u00e9s : Bijoux, Tableaux, Mobilier &amp; Objets d&rsquo;art, Art d&rsquo;Asie, Art d&rsquo;Oc\u00e9anie et d&rsquo;Afrique, Timbres et Cartes postales, Livres, Design, Jouets, Monnaies, Militaria, Automobiles, Mode, Vins, Mat\u00e9riel d&rsquo;exploitation et Outillage,&#8230;<\/p>\n<\/div>\n<\/div>\n\n\n\n<div class=\"wp-block-columns is-layout-flex wp-container-core-columns-is-layout-9d6595d7 wp-block-columns-is-layout-flex\">\n<div class=\"wp-block-column is-layout-flow wp-block-column-is-layout-flow\">\n<figure class=\"wp-block-image size-full\"><img decoding=\"async\" src=\"https:\/\/military-classic-auction.com\/wp-content\/uploads\/global-images\/center-600xlarmee-des-caisses\/1larmee-des-caisses\/60-1.jpg\" alt=\"\" class=\"wp-image-5905\"\/><\/figure>\n\n\n\n<h3 class=\"wp-block-heading\">Automobiles et Blind\u00e9s de Collections<\/h3>\n\n\n\n<h5 class=\"wp-block-heading\" style=\"font-size:17px;font-style:normal;font-weight:400\">Rapport d\u2019\u00e9tat et d\u2019origine de votre automobile, motos et camions , blind\u00e9s et chars et une cotation sur le march\u00e9 de la collection.<\/h5>\n\n\n\n<h3 class=\"wp-block-heading\">Collections Militaria et M\u00e9morabilia<\/h3>\n\n\n\n<p style=\"font-size:17px\">Uniformes, coiffes et casques, \u00e9quipements et accessoires, documents, nous travaillons sur la d\u00e9finition de l\u2019authenticit\u00e9 et recherche historique, expertise et cotation sur le march\u00e9 de la collection.<\/p>\n<\/div>\n\n\n\n<div class=\"wp-block-column is-layout-flow wp-block-column-is-layout-flow\" style=\"padding-top:var(--wp--preset--spacing--50);padding-bottom:0\">\n<figure class=\"wp-block-image size-full\"><img loading=\"lazy\" decoding=\"async\" width=\"1440\" height=\"1080\" src=\"https:\/\/military-classic-auction.com\/wp-content\/uploads\/global-images\/5eda5011900872e039cc9665a4bf1bd95a18e826-33868887821933671008647352135424183977274100n.jpg\" alt=\"\" class=\"wp-image-419\" srcset=\"https:\/\/military-classic-auction.com\/wp-content\/uploads\/global-images\/5eda5011900872e039cc9665a4bf1bd95a18e826-33868887821933671008647352135424183977274100n.jpg 1440w, https:\/\/military-classic-auction.com\/wp-content\/uploads\/global-images\/5eda5011900872e039cc9665a4bf1bd95a18e826-33868887821933671008647352135424183977274100n-300x225.jpg 300w, https:\/\/military-classic-auction.com\/wp-content\/uploads\/global-images\/5eda5011900872e039cc9665a4bf1bd95a18e826-33868887821933671008647352135424183977274100n-16x12.jpg 16w, https:\/\/military-classic-auction.com\/wp-content\/uploads\/global-images\/5eda5011900872e039cc9665a4bf1bd95a18e826-33868887821933671008647352135424183977274100n-812x609.jpg 812w\" sizes=\"auto, (max-width: 1440px) 100vw, 1440px\" \/><\/figure>\n<\/div>\n<\/div>\n\n\n\n<p><\/p>","protected":false},"excerpt":{"rendered":"<p>Rois &amp; Vaupres Ench\u00e8res est une maison de vente issue d&rsquo;une charge \u00e9tablie au XIXe si\u00e8cle.\u00a0 Situ\u00e9 \u00e0 Granville et Vire, l&rsquo;h\u00f4tel des ventes est dirig\u00e9 par deux commissaires-priseurs, \u00a0Ma\u00eetre Florence Rois et Ma\u00eetre Mathilde Vaupres-Simon, sp\u00e9cialis\u00e9es dans l&rsquo;expertise d&rsquo;objets d&rsquo;art, de collections et de mat\u00e9riels d&rsquo;exploitation. Rois &amp; Vaupres Ench\u00e8res organise et r\u00e9alise des<a class=\"more-link\" href=\"https:\/\/military-classic-auction.com\/en\/a-propos-de-nous\/\">Read more  &#10230;<\/a><\/p>","protected":false},"author":12,"featured_media":0,"parent":0,"menu_order":0,"comment_status":"closed","ping_status":"closed","template":"","meta":{"footnotes":""},"class_list":["post-163","page","type-page","status-publish","hentry"],"aioseo_notices":[],"_links":{"self":[{"href":"https:\/\/military-classic-auction.com\/en\/wp-json\/wp\/v2\/pages\/163","targetHints":{"allow":["GET"]}}],"collection":[{"href":"https:\/\/military-classic-auction.com\/en\/wp-json\/wp\/v2\/pages"}],"about":[{"href":"https:\/\/military-classic-auction.com\/en\/wp-json\/wp\/v2\/types\/page"}],"author":[{"embeddable":true,"href":"https:\/\/military-classic-auction.com\/en\/wp-json\/wp\/v2\/users\/12"}],"replies":[{"embeddable":true,"href":"https:\/\/military-classic-auction.com\/en\/wp-json\/wp\/v2\/comments?post=163"}],"version-history":[{"count":0,"href":"https:\/\/military-classic-auction.com\/en\/wp-json\/wp\/v2\/pages\/163\/revisions"}],"wp:attachment":[{"href":"https:\/\/military-classic-auction.com\/en\/wp-json\/wp\/v2\/media?parent=163"}],"curies":[{"name":"wp","href":"https:\/\/api.w.org\/{rel}","templated":true}]}}