{"id":157,"date":"2024-02-18T17:21:03","date_gmt":"2024-02-18T16:21:03","guid":{"rendered":"https:\/\/military-classic-auction.com\/?page_id=157"},"modified":"2024-04-06T05:14:47","modified_gmt":"2024-04-06T05:14:47","slug":"conditions-de-paiement","status":"publish","type":"page","link":"https:\/\/military-classic-auction.com\/en\/conditions-de-paiement\/","title":{"rendered":"Payment conditions"},"content":{"rendered":"<div class=\"wp-block-cover alignfull\" style=\"min-height:113px;aspect-ratio:unset;\"><span aria-hidden=\"true\" class=\"wp-block-cover__background has-background-dim wp-block-cover__gradient-background has-background-gradient\" style=\"background:linear-gradient(135deg,rgb(0,0,0) 0%,rgb(85,85,85) 100%)\"><\/span><img loading=\"lazy\" decoding=\"async\" width=\"1440\" height=\"1080\" class=\"wp-block-cover__image-background wp-image-419\" alt=\"\" src=\"https:\/\/military-classic-auction.com\/wp-content\/uploads\/global-images\/5eda5011900872e039cc9665a4bf1bd95a18e826-33868887821933671008647352135424183977274100n.jpg\" data-object-fit=\"cover\" srcset=\"https:\/\/military-classic-auction.com\/wp-content\/uploads\/global-images\/5eda5011900872e039cc9665a4bf1bd95a18e826-33868887821933671008647352135424183977274100n.jpg 1440w, https:\/\/military-classic-auction.com\/wp-content\/uploads\/global-images\/5eda5011900872e039cc9665a4bf1bd95a18e826-33868887821933671008647352135424183977274100n-300x225.jpg 300w, https:\/\/military-classic-auction.com\/wp-content\/uploads\/global-images\/5eda5011900872e039cc9665a4bf1bd95a18e826-33868887821933671008647352135424183977274100n-16x12.jpg 16w, https:\/\/military-classic-auction.com\/wp-content\/uploads\/global-images\/5eda5011900872e039cc9665a4bf1bd95a18e826-33868887821933671008647352135424183977274100n-812x609.jpg 812w\" sizes=\"auto, (max-width: 1440px) 100vw, 1440px\" \/><div class=\"wp-block-cover__inner-container is-layout-flow wp-block-cover-is-layout-flow\">\n<div class=\"wp-block-group\" style=\"padding-top:2em;padding-right:2em;padding-bottom:2em;padding-left:2em\"><div class=\"wp-block-group__inner-container is-layout-flow wp-block-group-is-layout-flow\">\n<h1 class=\"wp-block-heading has-yith-proteo-editor-custom-color-2-color has-text-color has-link-color wp-elements-779a66287d55ac6fc25880c1513b722d\" style=\"font-size:36px\"><strong>Payment conditions<\/strong><\/h1>\n\n\n\n<p class=\"has-extra-small-font-size\"><\/p>\n<\/div><\/div>\n<\/div><\/div>\n\n\n\n<div class=\"wp-block-columns alignfull is-layout-flex wp-container-core-columns-is-layout-9d6595d7 wp-block-columns-is-layout-flex\">\n<div class=\"wp-block-column is-layout-flow wp-block-column-is-layout-flow\"><\/div>\n<\/div>\n\n\n\n<div class=\"wp-block-columns is-not-stacked-on-mobile content-datas-txt is-layout-flex wp-container-core-columns-is-layout-9d6595d7 wp-block-columns-is-layout-flex\">\n<div class=\"wp-block-column is-layout-flow wp-block-column-is-layout-flow\">\n<h1 class=\"wp-block-heading\">Payment conditions<\/h1>\n\n\n\n<p>Conform\u00e9ment \u00e0 nos Conditions G\u00e9n\u00e9rales de Vente, le montant des ench\u00e8res ne contient pas le montant des frais de port, ni les frais de vente redevable \u00e0 la maison de vente aux ench\u00e8res. Les frais de vente sont g\u00e9n\u00e9ralement autour de 24% mais peuvent varier selon les ventes. Les frais sont indiqu\u00e9s dans l&rsquo;onglet Conditions de chaque lot mis en vente.<\/p>\n\n\n\n<p>Les r\u00e8glements se font exclusivement par paiement carte bancaire via notre partenaire Stripe. Lorsqu&rsquo;une ench\u00e8re est remport\u00e9e, le lien de paiement vous est envoy\u00e9 par Email et se trouve \u00e9galement sur la page de votre compte sur le site.<\/p>\n\n\n\n<p><\/p>\n\n\n\n<p><\/p>\n<\/div>\n<\/div>","protected":false},"excerpt":{"rendered":"<p>Conditions de paiement Conform\u00e9ment \u00e0 nos Conditions G\u00e9n\u00e9rales de Vente, le montant des ench\u00e8res ne contient pas le montant des frais de port, ni les frais de vente redevable \u00e0 la maison de vente aux ench\u00e8res. Les frais de vente sont g\u00e9n\u00e9ralement autour de 24% mais peuvent varier selon les ventes. Les frais sont indiqu\u00e9s<a class=\"more-link\" href=\"https:\/\/military-classic-auction.com\/en\/conditions-de-paiement\/\">Read more  &#10230;<\/a><\/p>","protected":false},"author":12,"featured_media":0,"parent":0,"menu_order":0,"comment_status":"closed","ping_status":"closed","template":"","meta":{"footnotes":""},"class_list":["post-157","page","type-page","status-publish","hentry"],"aioseo_notices":[],"_links":{"self":[{"href":"https:\/\/military-classic-auction.com\/en\/wp-json\/wp\/v2\/pages\/157","targetHints":{"allow":["GET"]}}],"collection":[{"href":"https:\/\/military-classic-auction.com\/en\/wp-json\/wp\/v2\/pages"}],"about":[{"href":"https:\/\/military-classic-auction.com\/en\/wp-json\/wp\/v2\/types\/page"}],"author":[{"embeddable":true,"href":"https:\/\/military-classic-auction.com\/en\/wp-json\/wp\/v2\/users\/12"}],"replies":[{"embeddable":true,"href":"https:\/\/military-classic-auction.com\/en\/wp-json\/wp\/v2\/comments?post=157"}],"version-history":[{"count":3,"href":"https:\/\/military-classic-auction.com\/en\/wp-json\/wp\/v2\/pages\/157\/revisions"}],"predecessor-version":[{"id":6922,"href":"https:\/\/military-classic-auction.com\/en\/wp-json\/wp\/v2\/pages\/157\/revisions\/6922"}],"wp:attachment":[{"href":"https:\/\/military-classic-auction.com\/en\/wp-json\/wp\/v2\/media?parent=157"}],"curies":[{"name":"wp","href":"https:\/\/api.w.org\/{rel}","templated":true}]}}